{"id":11094,"date":"2025-07-26T16:17:58","date_gmt":"2025-07-26T15:17:58","guid":{"rendered":"https:\/\/www.outters.fr\/?page_id=11094"},"modified":"2025-07-26T16:17:58","modified_gmt":"2025-07-26T15:17:58","slug":"newton-300-griere-f4","status":"publish","type":"page","link":"https:\/\/www.outters.fr\/?page_id=11094","title":{"rendered":"Newton 300 Griere F4 \u00e0 Trevinca (Espagne)"},"content":{"rendered":"<div class=\"fusion-fullwidth fullwidth-box fusion-builder-row-1 fusion-flex-container hundred-percent-fullwidth non-hundred-percent-height-scrolling\" style=\"--awb-border-radius-top-left:0px;--awb-border-radius-top-right:0px;--awb-border-radius-bottom-right:0px;--awb-border-radius-bottom-left:0px;--awb-overflow:visible;--awb-flex-wrap:wrap;\" ><div class=\"fusion-builder-row fusion-row fusion-flex-align-items-flex-start fusion-flex-content-wrap\" style=\"width:104% !important;max-width:104% !important;margin-left: calc(-4% \/ 2 );margin-right: calc(-4% \/ 2 );\"><div class=\"fusion-layout-column fusion_builder_column fusion-builder-column-0 fusion_builder_column_1_1 1_1 fusion-flex-column fusion-flex-align-self-flex-start fusion-column-no-min-height\" style=\"--awb-bg-size:cover;--awb-width-large:100%;--awb-margin-top-large:0px;--awb-spacing-right-large:1.92%;--awb-margin-bottom-large:0px;--awb-spacing-left-large:1.92%;--awb-width-medium:100%;--awb-spacing-right-medium:1.92%;--awb-spacing-left-medium:1.92%;--awb-width-small:100%;--awb-spacing-right-small:1.92%;--awb-spacing-left-small:1.92%;\"><div class=\"fusion-column-wrapper fusion-flex-justify-content-flex-start fusion-content-layout-column\"><div class=\"fusion-title title fusion-title-1 fusion-title-center fusion-title-text fusion-title-size-one\"><div class=\"title-sep-container title-sep-container-left\"><div class=\"title-sep sep- sep-solid\" style=\"border-color:#3e3e3e;\"><\/div><\/div><span class=\"awb-title-spacer\"><\/span><h1 class=\"fusion-title-heading title-heading-center fusion-responsive-typography-calculated\" style=\"margin:0;--fontSize:;--minFontSize:0;line-height:;\"><h1 class=\"western\" align=\"CENTER\">Newton 300 Griere F4 \u00e0 Trevinca (Espagne)<\/h1><\/h1><span class=\"awb-title-spacer\"><\/span><div class=\"title-sep-container title-sep-container-right\"><div class=\"title-sep sep- sep-solid\" style=\"border-color:#3e3e3e;\"><\/div><\/div><\/div><div class=\"fusion-text fusion-text-1\"><p>Ce t\u00e9lescope appartient \u00e0 Alexandre Itic avec qui je partage un emplacement \u00e0 l&rsquo;observatoire de Trevinca en Espagne.<\/p>\n<\/div><\/div><\/div><div class=\"fusion-layout-column fusion_builder_column fusion-builder-column-1 fusion_builder_column_1_1 1_1 fusion-flex-column\" style=\"--awb-bg-size:cover;--awb-width-large:100%;--awb-margin-top-large:0px;--awb-spacing-right-large:1.92%;--awb-margin-bottom-large:20px;--awb-spacing-left-large:1.92%;--awb-width-medium:100%;--awb-spacing-right-medium:1.92%;--awb-spacing-left-medium:1.92%;--awb-width-small:100%;--awb-spacing-right-small:1.92%;--awb-spacing-left-small:1.92%;\"><div class=\"fusion-column-wrapper fusion-flex-justify-content-flex-start fusion-content-layout-column\"><div class=\"fusion-image-element \" style=\"--awb-caption-title-font-family:var(--h2_typography-font-family);--awb-caption-title-font-weight:var(--h2_typography-font-weight);--awb-caption-title-font-style:var(--h2_typography-font-style);--awb-caption-title-size:var(--h2_typography-font-size);--awb-caption-title-transform:var(--h2_typography-text-transform);--awb-caption-title-line-height:var(--h2_typography-line-height);--awb-caption-title-letter-spacing:var(--h2_typography-letter-spacing);\"><span class=\" fusion-imageframe imageframe-none imageframe-1 hover-type-none\"><img decoding=\"async\" width=\"420\" height=\"900\" title=\"IMG-20250419-WA0001\" src=\"http:\/\/www.outters.fr\/wp-content\/uploads\/2025\/07\/IMG-20250419-WA0001-420x900.jpg\" alt class=\"img-responsive wp-image-11093\" srcset=\"https:\/\/www.outters.fr\/wp-content\/uploads\/2025\/07\/IMG-20250419-WA0001-200x428.jpg 200w, https:\/\/www.outters.fr\/wp-content\/uploads\/2025\/07\/IMG-20250419-WA0001-400x857.jpg 400w, https:\/\/www.outters.fr\/wp-content\/uploads\/2025\/07\/IMG-20250419-WA0001-600x1285.jpg 600w, https:\/\/www.outters.fr\/wp-content\/uploads\/2025\/07\/IMG-20250419-WA0001.jpg 747w\" sizes=\"(max-width: 464px) 100vw, 420px\" \/><\/span><\/div><\/div><\/div><\/div><\/div>\n","protected":false},"excerpt":{"rendered":"","protected":false},"author":1,"featured_media":0,"parent":0,"menu_order":0,"comment_status":"closed","ping_status":"closed","template":"","meta":{"footnotes":""},"class_list":["post-11094","page","type-page","status-publish","hentry"],"_links":{"self":[{"href":"https:\/\/www.outters.fr\/index.php?rest_route=\/wp\/v2\/pages\/11094","targetHints":{"allow":["GET"]}}],"collection":[{"href":"https:\/\/www.outters.fr\/index.php?rest_route=\/wp\/v2\/pages"}],"about":[{"href":"https:\/\/www.outters.fr\/index.php?rest_route=\/wp\/v2\/types\/page"}],"author":[{"embeddable":true,"href":"https:\/\/www.outters.fr\/index.php?rest_route=\/wp\/v2\/users\/1"}],"replies":[{"embeddable":true,"href":"https:\/\/www.outters.fr\/index.php?rest_route=%2Fwp%2Fv2%2Fcomments&post=11094"}],"version-history":[{"count":2,"href":"https:\/\/www.outters.fr\/index.php?rest_route=\/wp\/v2\/pages\/11094\/revisions"}],"predecessor-version":[{"id":11103,"href":"https:\/\/www.outters.fr\/index.php?rest_route=\/wp\/v2\/pages\/11094\/revisions\/11103"}],"wp:attachment":[{"href":"https:\/\/www.outters.fr\/index.php?rest_route=%2Fwp%2Fv2%2Fmedia&parent=11094"}],"curies":[{"name":"wp","href":"https:\/\/api.w.org\/{rel}","templated":true}]}}