{"id":1693,"date":"2016-06-18T14:57:04","date_gmt":"2016-06-18T13:57:04","guid":{"rendered":"http:\/\/outters.fr\/?page_id=1693"},"modified":"2025-07-15T17:03:58","modified_gmt":"2025-07-15T16:03:58","slug":"methode-pour-decouvrir","status":"publish","type":"page","link":"https:\/\/www.outters.fr\/?page_id=1693","title":{"rendered":"M\u00e9thode pour d\u00e9couvrir"},"content":{"rendered":"<h1 class=\"Style1\">Quelle m\u00e9thode pour d\u00e9tecter et d\u00e9couvrir une n\u00e9buleuse plan\u00e9taire<\/h1>\n<p align=\"left\"><big><u>1ere \u00e9tape : Scruter l&rsquo;image<\/u><\/big><\/p>\n<p align=\"left\"><big>La premi\u00e8re chose \u00e0 faire est de zoomer l&rsquo;image couleur finale et de scruter chaque zone de l&rsquo;image \u00e0 la recherche de quelque chose d&rsquo;opportun comme une tache floue et qui se d\u00e9tache du fond de ciel.<\/big><\/p>\n<p align=\"left\"><big>Si cette tache se confirme avec les trois filtres SII\/Ha\/OIII, alors vous \u00eates peut \u00eatre en train de d\u00e9couvrir votre premier objet que nous nommerons \u00ab\u00a0objet suspect\u00a0\u00bb!<\/big><\/p>\n<p><big><u><br \/>\n2em \u00e9tape : Analyser l&rsquo;image avec un logiciel<\/u><\/big><\/p>\n<p><big>La deuxi\u00e8me chose \u00e0 faire est de rechercher dans un logiciel de carte du ciel comme Guide8 ou Sky6 pro si cet \u00ab\u00a0objet suspect\u00a0\u00bb est r\u00e9pertori\u00e9 comme un objet des catalogues IC ou PK.<\/big><\/p>\n<p><big>Si cet objet suspect est non r\u00e9pertori\u00e9, alors il faut aller plus loin \u00e0 l&rsquo;\u00e9tape 3.<\/big><\/p>\n<p><big><u>3em \u00e9tape : Confirmer visuellement l&rsquo;objet suspect sur le Net<\/u><\/big><\/p>\n<p><big>Si cette objet suspect est non r\u00e9pertori\u00e9 dans votre logiciel favori, alors il faut vous tourner vers le Net et conna\u00eetre tr\u00e8s exactement les coordonn\u00e9es J2000 de votre objet suspect.<\/big><\/p>\n<p><big>Plusieurs logiciels sont capables de faire un calcul de mesure astrom\u00e9trique sur votre image fits RVB ou monochrome.<\/big><\/p>\n<p><big>Maximdl avec Pinpoint sait faire cela tr\u00e8s bien :<\/big><\/p>\n<ul>\n<ul>\n<li><big> <\/big><big>Faire une mesure d&rsquo;astrom\u00e9trie<\/big><\/li>\n<\/ul>\n<\/ul>\n<ul>\n<ul>\n<li><big> <\/big><big>Pointer l&rsquo;objet suspect et noter les coordonn\u00e9es J2000.<\/big><\/li>\n<\/ul>\n<\/ul>\n<p><big>Sur le Net, il existe un site tr\u00e8s simple d&rsquo;utilisation qui permet d&rsquo;afficher l&rsquo;image sous diff\u00e9rentes raies de couleur et de v\u00e9rifier si une naine bleue est peut \u00eatre pr\u00e9sente, ce qui peut donner une piste s\u00e9rieuse quant \u00e0 la possibilit\u00e9 de d\u00e9couvrir une PN.<\/big><\/p>\n<p><big>Le site web suivant <a href=\"http:\/\/www.sky-map.org\/\">http:\/\/www.sky-map.org\/<\/a> permet d&rsquo;obtenir une vue du ciel tr\u00e8s pr\u00e9cise et d&rsquo;en rapatrier des photos (Ic\u00f4ne snapshot, choisir l&rsquo;image en 300 DPI en 10&#215;15).<\/big><\/p>\n<p><big>Il suffit de t\u00e9l\u00e9charger l&rsquo;image en TIFF et de la visualiser \u00e0 l&rsquo;aide de Photoshop ou autre logiciel de traitement d&rsquo;images. Quelques courbes et niveaux suffiront \u00e0 d\u00e9tecter si il y a bien quelque chose.<\/big><\/p>\n<p><big>Si votre meilleure image laisse appara\u00eetre quelque chose, alors cela \u00e9limine tout d\u00e9faut \u00e9ventuel du capteur ou mauvais pr\u00e9traitement de vos images ou artefact provoqu\u00e9s parfois par des reflets.<\/big><\/p>\n<p><big>Il existe \u00e9galement un autre site tr\u00e8s int\u00e9ressant : The STScI Digitized Sky Survey<\/big><\/p>\n<p><big>que vous pouvez trouver \u00e0 l&rsquo;adresse suivante :<\/big><\/p>\n<p><big><a href=\"http:\/\/archive.stsci.edu\/cgi-bin\/dss_form\">http:\/\/archive.stsci.edu\/cgi-bin\/dss_form<\/a><\/big><\/p>\n<p><big>Il suffit de taper les coordonn\u00e9es J2000 en RA et Dec, laissez par d\u00e9faut le type en J2000.<\/big><\/p>\n<p><big>Laissez les r\u00e9glages par d\u00e9faut pour la taille de l&rsquo;image, choisissez le format Fits sans compression et cochez l&rsquo;option \u00ab\u00a0<b>Save file to disk<\/b> \u00ab\u00a0.<\/big><\/p>\n<p><big>choisissez les images du POSS2 red et faites un \u00ab\u00a0retrieve image\u00a0\u00bb, enregistrez l&rsquo;image puis proc\u00e9dez de m\u00eame pour l&rsquo;image du POSS blue.<\/big><\/p>\n<p><big>A l&rsquo;aide de Maximdl ou \u00e9quivalent, ouvrez les deux images et cr\u00e9ez une image couleur avec.<\/big><\/p>\n<p><big>Maintenant vous savez que vous avez bien quelque chose sur votre image qui est bien r\u00e9el mais dont vous ne connaissez pas le nom ni la nature, les recherches sur Internet doivent continuer pour passer en revue tous les moyens possibles.<\/big><\/p>\n<h1><a class=\"mozTocH1\" name=\"mozTocId393669\"><\/a>Une m\u00e9thode encore plus simple : CDS Portal<\/h1>\n<p><big>Un autre moyen plus \u00e9volu\u00e9 vient de sortir, il s&rsquo;agit du CDS Portal de l&rsquo;observatoire de Strasbourg :<\/big><\/p>\n<p><big><a href=\"http:\/\/cdsportal.u-strasbg.fr\/\">http:\/\/cdsportal.u-strasbg.fr\/<\/a><br \/>\n<\/big><\/p>\n<p><big> Ce site est une vraie mine d&rsquo;or pour cataloguer les objets que l&rsquo;on peut voir.<\/big><\/p>\n<p><big>Il suffit de taper les coordonn\u00e9es RA et Dec en J2000 dans la case \u00ab\u00a0target\u00a0\u00bb et d&rsquo;appuyer sur le \u00ab\u00a0go\u00a0\u00bb, en l&rsquo;occurence les coordonn\u00e9es de ma premi\u00e8re d\u00e9couverte sont 04 07 21.62 +51 24 24.2 en J2000.<\/big><\/p>\n<p><big>L&rsquo;image couleur appara\u00eet sur la droite et 5 lignes de commandes.<br \/>\n<\/big><\/p>\n<p><big>Se sont les trois derni\u00e8res lignes de commandes qui sont les plus int\u00e9ressantes.<\/big><\/p>\n<ul>\n<ul>\n<li><big> <\/big><big>Le simplay interactiv map<\/big><\/li>\n<\/ul>\n<\/ul>\n<ul>\n<ul>\n<li><big> <\/big><big>Le display region aladin <\/big><\/li>\n<\/ul>\n<\/ul>\n<ul>\n<ul>\n<li><big> <\/big><big>L&rsquo;ensemble des catalogues<\/big><\/li>\n<\/ul>\n<\/ul>\n<p><big><u>Simplay interactiv map<\/u><\/big><\/p>\n<p><big> Cette page web permet d&rsquo;afficher les principaux objets mais reste insuffisant pour des objets faibles. Par contre il peut faire l&rsquo;objet d&rsquo;un d\u00e9but d&rsquo;\u00e9tude de la r\u00e9gion concern\u00e9e.<\/big><\/p>\n<p><big><u>Le display region aladin <\/u> <\/big><\/p>\n<p><big> C&rsquo;est l&rsquo;outil id\u00e9al, \u00e0 partir d&rsquo;une application Java que vous pouvez lancer en programme externe avec un acc\u00e8s permanent au web vous disposez ainsi d&rsquo;une application tr\u00e8s puissante.<\/big><\/p>\n<p><big> C&rsquo;est avec cette application que j&rsquo;ai r\u00e9ussi \u00e0 d\u00e9terminer les magnitudes des \u00e9toiles bleues sur chacune des \u00e9toiles centrales des objets suspects.<\/big><\/p>\n<p><big> Aladin est un logiciel de carte du ciel interactif o\u00f9 vous pouvez charger vos propres images en transparence par dessus des images de r\u00e9f\u00e9rence et joindre autant de catalogues que vous le souhaitez.<\/big><\/p>\n<p><big>Lorsque vous cliquez sur le lien : Display region in Aladin (Web Start), l&rsquo;application Aladin d\u00e9marre et int\u00e8gre automatiquement l&rsquo;image du POSSII en niveau de gris qui \u00e9tait affich\u00e9e dans le CDS Portal et le catalogue minimum de Simbad.<br \/>\n<\/big><\/p>\n<p><big> Vous pouvez tr\u00e8s bien int\u00e9grer votre propre image Fits et la calibrer ainsi que la mettre \u00e0 l&rsquo;\u00e9chelle.<\/big><\/p>\n<p><img decoding=\"async\" src=\"http:\/\/outters.fr\/images%20site%20astro\/aladin2.jpg\" alt=\"aladin\" \/><\/p>\n<p><big> (Un fichier d&rsquo;aide en PDF est t\u00e9l\u00e9chargeable \u00e0 cette adresse :<\/big><\/p>\n<p><big> <a href=\"http:\/\/aladin.u-strasbg.fr\/java\/AladinManual6.pdf\">http:\/\/aladin.u-strasbg.fr\/java\/AladinManual6.pdf<\/a><\/big><\/p>\n<p><big> Une fois que vous avez charg\u00e9 les catalogues d&rsquo;\u00e9toiles, vous pouvez analyser l&rsquo;\u00e9toile bleue suspecte et comparer dans deux fen\u00eatres distinctes votre image et celle du POSSII.<\/big><\/p>\n<p><big> L&rsquo;image de gauche est celle du POSSII et celle de droite la mienne.<\/big><\/p>\n<p><big> Pour analyser les \u00e9toiles il faut cliquer sur l&rsquo;ic\u00f4ne \u00ab\u00a0Select\u00a0\u00bb et cliquer sur l&rsquo;\u00e9toile du catalogue, on peut voir appara\u00eetre en bas un bandeau avec les coordonn\u00e9es de l&rsquo;\u00e9toile et sa magnitude.<\/big><\/p>\n<p><big> Celle ci est de 17.65 dans le bleu et de 19.38 dans le rouge, d&rsquo;o\u00f9 une couleur dominante dans le bleu.<\/big><\/p>\n","protected":false},"excerpt":{"rendered":"<p>Quelle m\u00e9thode pour d\u00e9tecter et d\u00e9couvrir une n\u00e9buleuse plan\u00e9taire 1ere \u00e9tape : Scruter l&rsquo;image La premi\u00e8re chose \u00e0 faire est de zoomer l&rsquo;image couleur finale et de scruter chaque zone de l&rsquo;image \u00e0 la recherche de quelque chose d&rsquo;opportun comme une tache floue et qui se d\u00e9tache du fond de  [&#8230;]<\/p>\n","protected":false},"author":1,"featured_media":0,"parent":0,"menu_order":0,"comment_status":"closed","ping_status":"closed","template":"","meta":{"footnotes":""},"class_list":["post-1693","page","type-page","status-publish","hentry"],"_links":{"self":[{"href":"https:\/\/www.outters.fr\/index.php?rest_route=\/wp\/v2\/pages\/1693","targetHints":{"allow":["GET"]}}],"collection":[{"href":"https:\/\/www.outters.fr\/index.php?rest_route=\/wp\/v2\/pages"}],"about":[{"href":"https:\/\/www.outters.fr\/index.php?rest_route=\/wp\/v2\/types\/page"}],"author":[{"embeddable":true,"href":"https:\/\/www.outters.fr\/index.php?rest_route=\/wp\/v2\/users\/1"}],"replies":[{"embeddable":true,"href":"https:\/\/www.outters.fr\/index.php?rest_route=%2Fwp%2Fv2%2Fcomments&post=1693"}],"version-history":[{"count":1,"href":"https:\/\/www.outters.fr\/index.php?rest_route=\/wp\/v2\/pages\/1693\/revisions"}],"predecessor-version":[{"id":1694,"href":"https:\/\/www.outters.fr\/index.php?rest_route=\/wp\/v2\/pages\/1693\/revisions\/1694"}],"wp:attachment":[{"href":"https:\/\/www.outters.fr\/index.php?rest_route=%2Fwp%2Fv2%2Fmedia&parent=1693"}],"curies":[{"name":"wp","href":"https:\/\/api.w.org\/{rel}","templated":true}]}}