{"id":1703,"date":"2016-06-18T15:10:06","date_gmt":"2016-06-18T14:10:06","guid":{"rendered":"http:\/\/outters.fr\/?page_id=1703"},"modified":"2016-06-18T15:10:06","modified_gmt":"2016-06-18T14:10:06","slug":"theses-sur-les-np","status":"publish","type":"page","link":"https:\/\/www.outters.fr\/?page_id=1703","title":{"rendered":"Th\u00e8ses sur les NP"},"content":{"rendered":"<h4>Th\u00e8ses de Laurence SABIN<\/h4>\n<ul>\n<li><a href=\"http:\/\/outters.fr\/wp-content\/uploads\/2015\/12\/Thesis_Part1.pdf\" rel=\"\">Study of Planetary Nebulae in the Galactic Plane : IPHAS and SCUBA (part 1)<\/a><\/li>\n<li><a href=\"http:\/\/outters.fr\/wp-content\/uploads\/2015\/12\/Thesis_Part2.pdf\" target=\"_blank\" rel=\"\">Study of Planetary Nebulae in the Galactic Plane : IPHAS and SCUBA (part 2)<\/a><\/li>\n<li><a href=\"http:\/\/outters.fr\/wp-content\/uploads\/2015\/12\/Thesis_Part3.pdf\" target=\"_blank\" rel=\"\">Study of Planetary Nebulae in the Galactic Plane : IPHAS and SCUBA (part 3)<\/a><\/li>\n<\/ul>\n<h4>Th\u00e8se de Frew<\/h4>\n<ul>\n<li><a href=\"http:\/\/outters.fr\/wp-content\/uploads\/2015\/12\/Frew_thesis_2008_final.pdf\" target=\"_blank\" rel=\"\">Th\u00e8se de David John Frew sur l&rsquo;analyse des distances et luminosit\u00e9 des n\u00e9buleuses plan\u00e9taires (Attention gros fichier de 499 pages)<\/a><\/li>\n<\/ul>\n<p>&nbsp;<\/p>\n","protected":false},"excerpt":{"rendered":"<p>Th\u00e8ses de Laurence SABIN Study of Planetary Nebulae in the Galactic Plane : IPHAS and SCUBA (part 1) Study of Planetary Nebulae in the Galactic Plane : IPHAS and SCUBA (part 2) Study of Planetary Nebulae in the Galactic Plane : IPHAS and SCUBA (part 3) Th\u00e8se de Frew Th\u00e8se  [&#8230;]<\/p>\n","protected":false},"author":1,"featured_media":0,"parent":0,"menu_order":0,"comment_status":"closed","ping_status":"closed","template":"","meta":{"footnotes":""},"class_list":["post-1703","page","type-page","status-publish","hentry"],"_links":{"self":[{"href":"https:\/\/www.outters.fr\/index.php?rest_route=\/wp\/v2\/pages\/1703","targetHints":{"allow":["GET"]}}],"collection":[{"href":"https:\/\/www.outters.fr\/index.php?rest_route=\/wp\/v2\/pages"}],"about":[{"href":"https:\/\/www.outters.fr\/index.php?rest_route=\/wp\/v2\/types\/page"}],"author":[{"embeddable":true,"href":"https:\/\/www.outters.fr\/index.php?rest_route=\/wp\/v2\/users\/1"}],"replies":[{"embeddable":true,"href":"https:\/\/www.outters.fr\/index.php?rest_route=%2Fwp%2Fv2%2Fcomments&post=1703"}],"version-history":[{"count":1,"href":"https:\/\/www.outters.fr\/index.php?rest_route=\/wp\/v2\/pages\/1703\/revisions"}],"predecessor-version":[{"id":1704,"href":"https:\/\/www.outters.fr\/index.php?rest_route=\/wp\/v2\/pages\/1703\/revisions\/1704"}],"wp:attachment":[{"href":"https:\/\/www.outters.fr\/index.php?rest_route=%2Fwp%2Fv2%2Fmedia&parent=1703"}],"curies":[{"name":"wp","href":"https:\/\/api.w.org\/{rel}","templated":true}]}}