{"id":3465,"date":"2016-07-14T16:56:42","date_gmt":"2016-07-14T15:56:42","guid":{"rendered":"http:\/\/outters.fr\/?page_id=3465"},"modified":"2025-07-15T17:03:57","modified_gmt":"2025-07-15T16:03:57","slug":"observatoire-au-chili-en-projet-pour-2017","status":"publish","type":"page","link":"https:\/\/www.outters.fr\/?page_id=3465","title":{"rendered":"Observatoire au Chili (Ciel austral)"},"content":{"rendered":"<div class=\"fusion-fullwidth fullwidth-box fusion-builder-row-1 fusion-flex-container hundred-percent-fullwidth non-hundred-percent-height-scrolling\" style=\"--awb-border-radius-top-left:0px;--awb-border-radius-top-right:0px;--awb-border-radius-bottom-right:0px;--awb-border-radius-bottom-left:0px;--awb-overflow:visible;--awb-flex-wrap:wrap;\" ><div class=\"fusion-builder-row fusion-row fusion-flex-align-items-flex-start fusion-flex-content-wrap\" style=\"width:calc( 100% + 0px ) !important;max-width:calc( 100% + 0px ) !important;margin-left: calc(-0px \/ 2 );margin-right: calc(-0px \/ 2 );\"><div class=\"fusion-layout-column fusion_builder_column fusion-builder-column-0 fusion_builder_column_1_1 1_1 fusion-flex-column\" style=\"--awb-bg-size:cover;--awb-width-large:100%;--awb-margin-top-large:0px;--awb-spacing-right-large:0px;--awb-margin-bottom-large:20px;--awb-spacing-left-large:0px;--awb-width-medium:100%;--awb-spacing-right-medium:0px;--awb-spacing-left-medium:0px;--awb-width-small:100%;--awb-spacing-right-small:0px;--awb-spacing-left-small:0px;\"><div class=\"fusion-column-wrapper fusion-flex-justify-content-flex-start fusion-content-layout-column\"><div class=\"fusion-title title fusion-title-1 fusion-title-center fusion-title-text fusion-title-size-one\"><div class=\"title-sep-container title-sep-container-left\"><div class=\"title-sep sep-double sep-solid\" style=\"border-color:#3e3e3e;\"><\/div><\/div><span class=\"awb-title-spacer\"><\/span><h1 class=\"fusion-title-heading title-heading-center fusion-responsive-typography-calculated\" style=\"margin:0;--fontSize:;--minFontSize:0;line-height:;\">Observatoire El Sauce<\/p>\n<p>Association \u00ab\u00a0<a href=\"http:\/\/cielaustral.com\">Cielaustral.com<\/a>\u00ab\u00a0<\/h1><span class=\"awb-title-spacer\"><\/span><div class=\"title-sep-container title-sep-container-right\"><div class=\"title-sep sep-double sep-solid\" style=\"border-color:#3e3e3e;\"><\/div><\/div><\/div><div class=\"fusion-text fusion-text-1\"><p><a href=\"https:\/\/fb.watch\/dKYIlfvGd-\/\" target=\"_blank\" rel=\"noopener\"><img decoding=\"async\" class=\"alignnone wp-image-9526 size-medium\" src=\"http:\/\/outters.fr\/wp-content\/uploads\/2022\/06\/273906189_4973565222724802_6882924256103631065_n-900x506.jpg\" alt=\"T\u00e9lescope 600 PLanewave\" width=\"900\" height=\"506\" srcset=\"https:\/\/www.outters.fr\/wp-content\/uploads\/2022\/06\/273906189_4973565222724802_6882924256103631065_n-200x112.jpg 200w, https:\/\/www.outters.fr\/wp-content\/uploads\/2022\/06\/273906189_4973565222724802_6882924256103631065_n-400x225.jpg 400w, https:\/\/www.outters.fr\/wp-content\/uploads\/2022\/06\/273906189_4973565222724802_6882924256103631065_n-600x337.jpg 600w, https:\/\/www.outters.fr\/wp-content\/uploads\/2022\/06\/273906189_4973565222724802_6882924256103631065_n-800x450.jpg 800w, https:\/\/www.outters.fr\/wp-content\/uploads\/2022\/06\/273906189_4973565222724802_6882924256103631065_n-900x506.jpg 900w, https:\/\/www.outters.fr\/wp-content\/uploads\/2022\/06\/273906189_4973565222724802_6882924256103631065_n-1200x675.jpg 1200w, https:\/\/www.outters.fr\/wp-content\/uploads\/2022\/06\/273906189_4973565222724802_6882924256103631065_n-1536x864.jpg 1536w, https:\/\/www.outters.fr\/wp-content\/uploads\/2022\/06\/273906189_4973565222724802_6882924256103631065_n.jpg 1599w\" sizes=\"(max-width: 900px) 100vw, 900px\" \/><\/a><\/p>\n<p>Cliquez sur l&rsquo;image pour visualiser le montage su t\u00e9lescope<\/p>\n<\/div><div class=\"fusion-text fusion-text-2\"><p>Notre nouveau t\u00e9lescope Planewave 600 ouvert \u00e0 6,5<\/p>\n<\/div><\/div><\/div><div class=\"fusion-layout-column fusion_builder_column fusion-builder-column-1 fusion_builder_column_1_2 1_2 fusion-flex-column\" style=\"--awb-bg-size:cover;--awb-width-large:50%;--awb-margin-top-large:0px;--awb-spacing-right-large:calc( 0.04 * calc( 100% - 0px ) );--awb-margin-bottom-large:20px;--awb-spacing-left-large:0px;--awb-width-medium:50%;--awb-spacing-right-medium:calc( 0.04 * calc( 100% - 0px ) );--awb-spacing-left-medium:0px;--awb-width-small:100%;--awb-spacing-right-small:0px;--awb-spacing-left-small:0px;\"><div class=\"fusion-column-wrapper fusion-flex-justify-content-flex-start fusion-content-layout-column\"><div class=\"fusion-text fusion-text-3\"><p>Je fais partie du groupe <a href=\"http:\/\/www.cielaustral.com\/\" target=\"_blank\" rel=\"noopener noreferrer\">\u00ab\u00a0Ciel Austral\u00a0\u00bb<\/a> compos\u00e9 de 5 personnes.<\/p>\n<p>De la gauche vers la droite : Didier CHAPLAIN, Philippe BERNHARD, Laurent BOURGON, Jean-Claude CANONNE and Nicolas OUTTERS.<\/p>\n<p><img decoding=\"async\" class=\"alignleft size-full wp-image-8480\" src=\"http:\/\/outters.fr\/wp-content\/uploads\/2019\/11\/cielaustral-team.jpg\" alt=\"\" width=\"900\" height=\"600\" srcset=\"https:\/\/www.outters.fr\/wp-content\/uploads\/2019\/11\/cielaustral-team-200x133.jpg 200w, https:\/\/www.outters.fr\/wp-content\/uploads\/2019\/11\/cielaustral-team-400x267.jpg 400w, https:\/\/www.outters.fr\/wp-content\/uploads\/2019\/11\/cielaustral-team-600x400.jpg 600w, https:\/\/www.outters.fr\/wp-content\/uploads\/2019\/11\/cielaustral-team-800x533.jpg 800w, https:\/\/www.outters.fr\/wp-content\/uploads\/2019\/11\/cielaustral-team.jpg 900w\" sizes=\"(max-width: 900px) 100vw, 900px\" \/><\/p>\n<p>Cette association de passionn\u00e9s a d\u00e9cid\u00e9 depuis 2013 de mettre en place un <a href=\"http:\/\/www.obstech.net\/en\/content\/telescope-hosting-observatorio-el-sauce\" target=\"_blank\" rel=\"noopener noreferrer\">observatoire robotis\u00e9 au Chili<\/a>.<\/p>\n<p><a href=\"http:\/\/www.obstech.net\/en\" target=\"_blank\" rel=\"noopener noreferrer\">Vincent SUC<\/a> est install\u00e9 au Chili depuis quelques ann\u00e9es, c&rsquo;est un <a href=\"https:\/\/www.obs-sirene.com\/\" target=\"_blank\" rel=\"noopener noreferrer\">Sirenien<\/a>, il a mont\u00e9 une petite soci\u00e9t\u00e9 et a achet\u00e9 en 2015 un terrain au Chili sur lequel il a mont\u00e9 un observatoire. L&rsquo;\u00e9lectricit\u00e9 est aliment\u00e9e par des panneaux solaires. L&rsquo;installation date de 2017. Deux pieds sont r\u00e9serv\u00e9s, un pour la TEC160 et un pour un 20&Prime;, les deux instruments sont \u00e9quip\u00e9s de cam\u00e9ras CCD Moravian G4 16803.<\/p>\n<h3><strong><span style=\"text-decoration: underline;\"><span style=\"color: #999999; text-decoration: underline;\">25 mars 2017 : installation de la TEC160<br \/>\n<\/span><\/span><\/strong><\/h3>\n<h3><strong>13 mars 2018 : installation de l&rsquo;ODK500 F6.8<\/strong><\/h3>\n<\/div><div class=\"fusion-text fusion-text-4\"><p>Vid\u00e9o de notre dernier voyage en mars 2017 pour l&rsquo;installation de la TEC160.<\/p>\n<\/div><div class=\"fusion-section-separator section-separator triangle fusion-section-separator-1\" style=\"--awb-border-top:3px solid #3e3e3e;--awb-spacer-height:3px;--awb-svg-margin-left:0px;--awb-svg-margin-right:calc( 0.04 * calc( 100% - 0px ) );--awb-svg-margin-left-medium:0px;--awb-svg-margin-right-medium:calc( 0.04 * calc( 100% - 0px ) );--awb-svg-margin-left-small:0px;--awb-svg-margin-right-small:0px;--awb-icon-color:#ffffff;--awb-icon-top:-13px;\"><div class=\"fusion-section-separator-svg\"><div class=\"divider-candy-arrow top\" style=\"bottom:3px;border-bottom-color: #3e3e3e;\"><\/div><div class=\"divider-candy top\" style=\"top:-23px;border-bottom:1px solid #3e3e3e;border-left:1px solid #3e3e3e;\"><\/div><\/div><div class=\"fusion-section-separator-spacer\"><div class=\"fusion-section-separator-spacer-height\"><\/div><\/div><\/div><div class=\"fusion-video fusion-vimeo\" style=\"--awb-max-width:600px;--awb-max-height:350px;\"><div class=\"video-shortcode\"><div class=\"fluid-width-video-wrapper\" style=\"padding-top:58.33%;\" ><iframe title=\"Vimeo video player 1\" src=\"https:\/\/player.vimeo.com\/video\/216560459?autoplay=0&autopause=0\" width=\"600\" height=\"350\" allowfullscreen allow=\"autoplay; fullscreen\"><\/iframe><\/div><\/div><\/div><\/div><\/div><div class=\"fusion-layout-column fusion_builder_column fusion-builder-column-2 fusion_builder_column_1_1 1_1 fusion-flex-column\" style=\"--awb-bg-size:cover;--awb-width-large:100%;--awb-margin-top-large:0px;--awb-spacing-right-large:0px;--awb-margin-bottom-large:20px;--awb-spacing-left-large:0px;--awb-width-medium:100%;--awb-spacing-right-medium:0px;--awb-spacing-left-medium:0px;--awb-width-small:100%;--awb-spacing-right-small:0px;--awb-spacing-left-small:0px;\"><div class=\"fusion-column-wrapper fusion-flex-justify-content-flex-start fusion-content-layout-column\"><div class=\"awb-gallery-wrapper awb-gallery-wrapper-1 button-span-no\"><div style=\"margin:-5px;--awb-bordersize:0px;\" class=\"fusion-gallery fusion-gallery-container fusion-grid-5 fusion-columns-total-4 fusion-gallery-layout-grid fusion-gallery-1\"><div style=\"padding:5px;\" class=\"fusion-grid-column fusion-gallery-column fusion-gallery-column-5 hover-type-none\"><div class=\"fusion-gallery-image\"><a href=\"https:\/\/www.outters.fr\/wp-content\/uploads\/2018\/04\/DSC01134.jpg\" rel=\"noreferrer\" data-rel=\"iLightbox[gallery_image_1]\" class=\"fusion-lightbox\" target=\"_self\"><img decoding=\"async\" src=\"https:\/\/www.outters.fr\/wp-content\/uploads\/2018\/04\/DSC01134.jpg\" width=\"5472\" height=\"3648\" alt=\"\" title=\"DSC01134\" aria-label=\"DSC01134\" class=\"img-responsive wp-image-7076\" srcset=\"https:\/\/www.outters.fr\/wp-content\/uploads\/2018\/04\/DSC01134-200x133.jpg 200w, https:\/\/www.outters.fr\/wp-content\/uploads\/2018\/04\/DSC01134-400x267.jpg 400w, https:\/\/www.outters.fr\/wp-content\/uploads\/2018\/04\/DSC01134-600x400.jpg 600w, https:\/\/www.outters.fr\/wp-content\/uploads\/2018\/04\/DSC01134-800x533.jpg 800w, https:\/\/www.outters.fr\/wp-content\/uploads\/2018\/04\/DSC01134-1200x800.jpg 1200w, https:\/\/www.outters.fr\/wp-content\/uploads\/2018\/04\/DSC01134.jpg 5472w\" sizes=\"(min-width: 2200px) 100vw, (min-width: 1007px) 356px, (min-width: 915px) 445px, (min-width: 824px) 593px, (min-width: 732px) 824px, (min-width: 640px) 732px, \" \/><\/a><\/div><\/div><div style=\"padding:5px;\" class=\"fusion-grid-column fusion-gallery-column fusion-gallery-column-5 hover-type-none\"><div class=\"fusion-gallery-image\"><a href=\"https:\/\/www.outters.fr\/wp-content\/uploads\/2018\/04\/20180314_115436.jpg\" rel=\"noreferrer\" data-rel=\"iLightbox[gallery_image_1]\" class=\"fusion-lightbox\" target=\"_self\"><img decoding=\"async\" src=\"https:\/\/www.outters.fr\/wp-content\/uploads\/2018\/04\/20180314_115436.jpg\" width=\"2048\" height=\"1152\" alt=\"\" title=\"20180314_115436\" aria-label=\"20180314_115436\" class=\"img-responsive wp-image-7081\" srcset=\"https:\/\/www.outters.fr\/wp-content\/uploads\/2018\/04\/20180314_115436-200x113.jpg 200w, https:\/\/www.outters.fr\/wp-content\/uploads\/2018\/04\/20180314_115436-400x225.jpg 400w, https:\/\/www.outters.fr\/wp-content\/uploads\/2018\/04\/20180314_115436-600x338.jpg 600w, https:\/\/www.outters.fr\/wp-content\/uploads\/2018\/04\/20180314_115436-800x450.jpg 800w, https:\/\/www.outters.fr\/wp-content\/uploads\/2018\/04\/20180314_115436-1200x675.jpg 1200w, https:\/\/www.outters.fr\/wp-content\/uploads\/2018\/04\/20180314_115436.jpg 2048w\" sizes=\"(min-width: 2200px) 100vw, (min-width: 1007px) 356px, (min-width: 915px) 445px, (min-width: 824px) 593px, (min-width: 732px) 824px, (min-width: 640px) 732px, \" \/><\/a><\/div><\/div><div style=\"padding:5px;\" class=\"fusion-grid-column fusion-gallery-column fusion-gallery-column-5 hover-type-none\"><div class=\"fusion-gallery-image\"><a href=\"https:\/\/www.outters.fr\/wp-content\/uploads\/2018\/04\/R4_3141_DxO.jpg\" rel=\"noreferrer\" data-rel=\"iLightbox[gallery_image_1]\" class=\"fusion-lightbox\" target=\"_self\"><img decoding=\"async\" src=\"https:\/\/www.outters.fr\/wp-content\/uploads\/2018\/04\/R4_3141_DxO.jpg\" width=\"5472\" height=\"3648\" alt=\"\" title=\"_R4_3141_DxO\" aria-label=\"_R4_3141_DxO\" class=\"img-responsive wp-image-7072\" srcset=\"https:\/\/www.outters.fr\/wp-content\/uploads\/2018\/04\/R4_3141_DxO-200x133.jpg 200w, https:\/\/www.outters.fr\/wp-content\/uploads\/2018\/04\/R4_3141_DxO-400x267.jpg 400w, https:\/\/www.outters.fr\/wp-content\/uploads\/2018\/04\/R4_3141_DxO-600x400.jpg 600w, https:\/\/www.outters.fr\/wp-content\/uploads\/2018\/04\/R4_3141_DxO-800x533.jpg 800w, https:\/\/www.outters.fr\/wp-content\/uploads\/2018\/04\/R4_3141_DxO-1200x800.jpg 1200w, https:\/\/www.outters.fr\/wp-content\/uploads\/2018\/04\/R4_3141_DxO.jpg 5472w\" sizes=\"(min-width: 2200px) 100vw, (min-width: 1007px) 356px, (min-width: 915px) 445px, (min-width: 824px) 593px, (min-width: 732px) 824px, (min-width: 640px) 732px, \" \/><\/a><\/div><\/div><div style=\"padding:5px;\" class=\"fusion-grid-column fusion-gallery-column fusion-gallery-column-5 hover-type-none\"><div class=\"fusion-gallery-image\"><a href=\"https:\/\/www.outters.fr\/wp-content\/uploads\/2018\/04\/R4_3163_DxO.jpg\" rel=\"noreferrer\" data-rel=\"iLightbox[gallery_image_1]\" class=\"fusion-lightbox\" target=\"_self\"><img decoding=\"async\" src=\"https:\/\/www.outters.fr\/wp-content\/uploads\/2018\/04\/R4_3163_DxO.jpg\" width=\"3648\" height=\"5472\" alt=\"\" title=\"_R4_3163_DxO\" aria-label=\"_R4_3163_DxO\" class=\"img-responsive wp-image-7070\" srcset=\"https:\/\/www.outters.fr\/wp-content\/uploads\/2018\/04\/R4_3163_DxO-200x300.jpg 200w, https:\/\/www.outters.fr\/wp-content\/uploads\/2018\/04\/R4_3163_DxO-400x600.jpg 400w, https:\/\/www.outters.fr\/wp-content\/uploads\/2018\/04\/R4_3163_DxO-600x900.jpg 600w, https:\/\/www.outters.fr\/wp-content\/uploads\/2018\/04\/R4_3163_DxO-800x1200.jpg 800w, https:\/\/www.outters.fr\/wp-content\/uploads\/2018\/04\/R4_3163_DxO-1200x1800.jpg 1200w, https:\/\/www.outters.fr\/wp-content\/uploads\/2018\/04\/R4_3163_DxO.jpg 3648w\" sizes=\"(min-width: 2200px) 100vw, (min-width: 1007px) 356px, (min-width: 915px) 445px, (min-width: 824px) 593px, (min-width: 732px) 824px, (min-width: 640px) 732px, \" \/><\/a><\/div><\/div><\/div><\/div><\/div><\/div><\/div><\/div>\n","protected":false},"excerpt":{"rendered":"","protected":false},"author":1,"featured_media":0,"parent":0,"menu_order":0,"comment_status":"closed","ping_status":"closed","template":"","meta":{"footnotes":""},"class_list":["post-3465","page","type-page","status-publish","hentry"],"_links":{"self":[{"href":"https:\/\/www.outters.fr\/index.php?rest_route=\/wp\/v2\/pages\/3465","targetHints":{"allow":["GET"]}}],"collection":[{"href":"https:\/\/www.outters.fr\/index.php?rest_route=\/wp\/v2\/pages"}],"about":[{"href":"https:\/\/www.outters.fr\/index.php?rest_route=\/wp\/v2\/types\/page"}],"author":[{"embeddable":true,"href":"https:\/\/www.outters.fr\/index.php?rest_route=\/wp\/v2\/users\/1"}],"replies":[{"embeddable":true,"href":"https:\/\/www.outters.fr\/index.php?rest_route=%2Fwp%2Fv2%2Fcomments&post=3465"}],"version-history":[{"count":35,"href":"https:\/\/www.outters.fr\/index.php?rest_route=\/wp\/v2\/pages\/3465\/revisions"}],"predecessor-version":[{"id":4159,"href":"https:\/\/www.outters.fr\/index.php?rest_route=\/wp\/v2\/pages\/3465\/revisions\/4159"}],"wp:attachment":[{"href":"https:\/\/www.outters.fr\/index.php?rest_route=%2Fwp%2Fv2%2Fmedia&parent=3465"}],"curies":[{"name":"wp","href":"https:\/\/api.w.org\/{rel}","templated":true}]}}