{"id":50,"date":"2015-12-07T10:10:02","date_gmt":"2015-12-07T09:10:02","guid":{"rendered":"http:\/\/outters.fr\/?page_id=50"},"modified":"2025-07-15T17:03:58","modified_gmt":"2025-07-15T16:03:58","slug":"mieuxmeconnaitre","status":"publish","type":"page","link":"https:\/\/www.outters.fr\/?page_id=50","title":{"rendered":"Mieux me connaitre"},"content":{"rendered":"<div class=\"fusion-fullwidth fullwidth-box fusion-builder-row-1 fusion-flex-container hundred-percent-fullwidth non-hundred-percent-height-scrolling\" style=\"--awb-border-radius-top-left:0px;--awb-border-radius-top-right:0px;--awb-border-radius-bottom-right:0px;--awb-border-radius-bottom-left:0px;--awb-overflow:visible;--awb-flex-wrap:wrap;\" ><div class=\"fusion-builder-row fusion-row fusion-flex-align-items-flex-start fusion-flex-content-wrap\" style=\"width:calc( 100% + 0px ) !important;max-width:calc( 100% + 0px ) !important;margin-left: calc(-0px \/ 2 );margin-right: calc(-0px \/ 2 );\"><div class=\"fusion-layout-column fusion_builder_column fusion-builder-column-0 fusion_builder_column_1_2 1_2 fusion-flex-column\" style=\"--awb-bg-size:cover;--awb-width-large:50%;--awb-margin-top-large:0px;--awb-spacing-right-large:0px;--awb-margin-bottom-large:20px;--awb-spacing-left-large:0px;--awb-width-medium:50%;--awb-spacing-right-medium:0px;--awb-spacing-left-medium:0px;--awb-width-small:100%;--awb-spacing-right-small:0px;--awb-spacing-left-small:0px;\"><div class=\"fusion-column-wrapper fusion-flex-justify-content-flex-start fusion-content-layout-column\"><div class=\"fusion-image-element \" style=\"--awb-caption-title-font-family:var(--h2_typography-font-family);--awb-caption-title-font-weight:var(--h2_typography-font-weight);--awb-caption-title-font-style:var(--h2_typography-font-style);--awb-caption-title-size:var(--h2_typography-font-size);--awb-caption-title-transform:var(--h2_typography-text-transform);--awb-caption-title-line-height:var(--h2_typography-line-height);--awb-caption-title-letter-spacing:var(--h2_typography-letter-spacing);\"><span class=\" fusion-imageframe imageframe-none imageframe-1 hover-type-none\"><img decoding=\"async\" src=\"http:\/\/outters.fr\/wp-content\/uploads\/2016\/06\/outters-nicolas-150x150.jpg\" alt class=\"img-responsive\"\/><\/span><\/div><\/div><\/div><div class=\"fusion-layout-column fusion_builder_column fusion-builder-column-1 fusion_builder_column_1_1 1_1 fusion-flex-column fusion-flex-align-self-flex-start fusion-column-no-min-height\" style=\"--awb-bg-size:cover;--awb-width-large:100%;--awb-margin-top-large:0px;--awb-spacing-right-large:0px;--awb-margin-bottom-large:0px;--awb-spacing-left-large:0px;--awb-width-medium:100%;--awb-spacing-right-medium:0px;--awb-spacing-left-medium:0px;--awb-width-small:100%;--awb-spacing-right-small:0px;--awb-spacing-left-small:0px;\"><div class=\"fusion-column-wrapper fusion-flex-justify-content-flex-start fusion-content-layout-column\"><div class=\"fusion-text fusion-text-1\"><p>Nicolas Outters, n\u00e9 en 1964, mari\u00e9, deux enfants, propri\u00e9taire et responsable d&rsquo;un golf compact dans la r\u00e9gion proche de Gen\u00e8ve. Mes d\u00e9buts en astronomie ont commenc\u00e9 \u00e0 No\u00ebl 1999 avec un cadeau inattendu de ma femme Isabelle: une paire de jumelles 10\/50 de marque Parralux (grossissement 10 fois pour un diam\u00e8tre de 50 mm).<\/p>\n<p><strong>JUIN 2000<\/strong><\/p>\n<p>Apr\u00e8s quelques observations de la lune et des satellites et \u00e0 la suite de quelques recherches sur Internet j&rsquo;ai d\u00e9cid\u00e9 d&rsquo;investir dans l&rsquo;achat d&rsquo;un t\u00e9lescope de 200 mm de type Schmidt-Cassegrain et plus exactement un C8 d&rsquo;occasion sur une monture d&rsquo;occasion Vixen SP.<\/p>\n<p>Mes premi\u00e8res observations ressemblaient plus \u00e0 la gal\u00e8re plus qu&rsquo;\u00e0 du plaisir, mes premiers pas ont \u00e9t\u00e9 de rechercher la galaxie d&rsquo;Androm\u00e8de, toute une soir\u00e9e sans rien trouver, tout au pif&#8230;<\/p>\n<p>Puis je me suis int\u00e9ress\u00e9 aux cercles digitaux et j&rsquo;ai r\u00e9ussi \u00e0 faire mes premiers pointages gr\u00e2ce \u00e0 une \u00e9toile rep\u00e8re puis \u00e0 une recherche pr\u00e9cise ensuite sur un objet proche de cette \u00e9toile rep\u00e8re.<\/p>\n<p><strong>SEPTEMBRE 2000<\/strong><\/p>\n<p>Tout mes premiers mois de gal\u00e8re se sont pass\u00e9s comme cela, puis les plan\u00e8tes sont arriv\u00e9es en septembre et j&rsquo;ai commenc\u00e9 mes premi\u00e8res acquisitions de la lune et des plan\u00e8tes avec un quickcam vc port parall\u00e8le et un vieil ordinateur r\u00e9cup\u00e9r\u00e9 chez un copain. J&rsquo;ai mont\u00e9 les moteurs d&rsquo;Ad et de Dec pour assurer le suivi des plan\u00e8tes.<\/p>\n<p><strong>JUIN 2001<\/strong><\/p>\n<p>En juin 2001 j&rsquo;ai achet\u00e9 d&rsquo;occasion un skysensor 2000 pc (pointage automatique par Goto) et l\u00e0 &#8230;&#8230;&#8230;&#8230;.\u00e7a \u00e9t\u00e9 la r\u00e9v\u00e9lation, le ciel profond s&rsquo;ouvrait vraiment \u00e0 moi, j&rsquo;ai pass\u00e9 tout l&rsquo;\u00e9t\u00e9 \u00e0 faire du visuel et \u00e0 contempler les diff\u00e9rents objets de Messier.<\/p>\n<p><strong>NOVEMBRE 2001<\/strong><\/p>\n<p>En novembre 2001 j&rsquo;ai r\u00e9ussi \u00e0 trouver une webcam vp Philips et du coup j&rsquo;ai achet\u00e9 un nouveau pc portable plus puissant.<\/p>\n<p>Au m\u00eame moment j&rsquo;ai trouv\u00e9 une vraie cam\u00e9ra CCD Audine kaf401e d&rsquo;occasion.<\/p>\n<p>Le ciel profond allait commencer pour moi.<\/p>\n<p><strong>AVRIL 2002<\/strong><\/p>\n<p>En avril 2002 mes premi\u00e8res acquisitions ont commenc\u00e9 avec une CCD Audine et mon C8. Quel souvenir de shooter M13pour la premi\u00e8re fois m\u00eame si ce jour l\u00e0 se fut un gros pav\u00e9 tout flou. L&rsquo;excitation \u00e9tait \u00e0 son comble&#8230;&#8230;.<\/p>\n<p>Le pas \u00e9tait franchi, la passion est r\u00e9ellement n\u00e9e et n&rsquo;a cess\u00e9 de grandir.<\/p>\n<p><strong>AOUT 2002<\/strong><\/p>\n<p>A partir du mois d&rsquo;ao\u00fbt 2002, j&rsquo;ai achet\u00e9 un lx200 12 \u00a0\u00bb et une cam\u00e9ra SBIG ST9E. Le C8 et le skysensor ont \u00e9t\u00e9 revendus.<\/p>\n<p>En mai 2003 j&rsquo;ai acquis une lunette apochromatique Takahashi fs102 avec 820 mm de focale.<\/p>\n<p><strong>JUIN 2003<\/strong><\/p>\n<p>Le 9 juin 2003, j&rsquo;ai commenc\u00e9 la construction de mon observatoire dans le jardin, 12 m2 de pur bonheur et fini les gal\u00e8res d&rsquo;installation du lx200 et de la cam\u00e9ra.<\/p>\n<p><strong>DECEMBRE 2003<\/strong><\/p>\n<p>En D\u00e9cembre 2003 j&rsquo;ai pu faire mes premi\u00e8res images avec une nouvelle cam\u00e9ra ccd ST10xme.<\/p>\n<p><strong>DECEMBRE 2004<\/strong><\/p>\n<p>En d\u00e9cembre 2004 j&rsquo;ai chang\u00e9 tout le mat\u00e9riel pour une nouvelle monture Paramount ME et une lunette apo TEC140 mm 980mm de focale et deux t\u00e9l\u00e9objectifs Nikon 300 et 180mm ouverts \u00e0 2,8.<\/p>\n<p><strong>AUTOMNE 2005<\/strong><\/p>\n<p>Ma nouvelle cam\u00e9ra CCD est arriv\u00e9e : une Finger Lakes Instrument IMG6303E avec ses 6 millions de pixels de 9\u00b5 et une nouvelle panoplie de filtres 2 \u00a0\u00bb : Halpha-Oxyg\u00e8ne III-Sulfure II et bien s\u00fbr les filtres classiques Clair-rouge-vert-bleu en 2&Prime;.<\/p>\n<p>Ce nouvel ensemble CCD sera mont\u00e9 sur la TEC140 pour faire du narrowband (images Hubble) et la ST10xme sera mont\u00e9e sur une nouvelle lunette TEC200\/1800 attendue pour cet hiver.<\/p>\n<p>Le Narrowband reste assez rare chez les amateurs et je me pr\u00e9destine de plus en plus \u00e0 ce genre d&rsquo;images comme peuvent le faire des gars comme Richard Crisp, Michael Sherrick, Russel Croman.<\/p>\n<p><strong>FEVRIER 2006<\/strong><\/p>\n<p>Une nouvelle lunette Takahashi FSQ106 est arriv\u00e9e, la CCD IMG6303e est fix\u00e9e dessus<\/p>\n<p>Apr\u00e8s quelques mois de gal\u00e8re j&rsquo;ai enfin r\u00e9ussi l&rsquo;autoguidage de la ST10xme sur la TEC140 et faire les images avec la IMG6303e sur la FSQ106.<\/p>\n<p><strong>MAI 2006<\/strong><\/p>\n<p>Devant l&rsquo;impossibilit\u00e9 d&rsquo;obtenir une TEC200, un t\u00e9lescope 12,5&Prime; est command\u00e9, il s&rsquo;agit d&rsquo;un RCOS Truss tube, r\u00e9ception dans 9 mois environ !<\/p>\n<p>Je crois que le sort est avec moi, je ne regretterais pas cet achat !<\/p>\n<p><strong>DECEMBRE 2006<\/strong><\/p>\n<p>Il est pr\u00e9vu d&rsquo;installer le RCOS 12,5&Prime; chez mon ami Eric Mouquet et le tout sera command\u00e9 en remote depuis chez moi.<\/p>\n<p><strong>JUILLET 2007<\/strong><\/p>\n<p>Toujours pas de t\u00e9lescope ! du retard chez RCOS ! tant pis je prend les devants et me lance dans des travaux de l&rsquo;observatoire, celui ci sera agrandi, le bureau est supprim\u00e9 et remplac\u00e9 par une deuxi\u00e8me colonne avec en pr\u00e9vision une deuxi\u00e8me monture Paramount ME.<\/p>\n<p><strong>SEPTEMBRE 2007<\/strong><\/p>\n<p>La deuxi\u00e8me monture est op\u00e9rationnelle et le toit est motoris\u00e9 car trop dur \u00e0 ouvrir et fermer avec la manivelle.<\/p>\n<p>Achat d&rsquo;une lunette Takahashi FS60 et d&rsquo;une CCD Sbig ST7xme d&rsquo;occasion pour autoguider la monture 1 et la FLI+FSQ106<\/p>\n<p>La monture 2 supporte la TEC140+ST10xme et la T\u00e9l\u00e9vue 127IS + Artemis 11002 en test, ces tests ne seront pas tr\u00e8s probants.<\/p>\n<p>Deux PC portables sont command\u00e9s \u00e0 distance via Radmin 3.0 depuis le bureau de la maison avec 3 CCD en imagerie simultan\u00e9e !<\/p>\n<p><strong>DECEMBRE 2007<\/strong><\/p>\n<p>R\u00e9ception du RCos 12&Prime;, quel bonheur apr\u00e8s autant d&rsquo;attente !<\/p>\n<p>Je suis en contact avec Cyprien Pouzeng et nous \u00e9tudions la possibilit\u00e9 d&rsquo;un remote \u00e0 SIRENE (plateau du Lub\u00e9ron).<\/p>\n<p><strong>AVRIL 2009<\/strong><\/p>\n<p>Projet de remote \u00e0 la Palma (Canaries) mais le projet tombe \u00e0 l&rsquo;eau 6 mois plus tard, dommage c&rsquo;\u00e9tait un doux r\u00e8ve ! la prospection continue et je cherche le Graal.<\/p>\n<p><strong>MAI 2009<\/strong><\/p>\n<p>Installation d&rsquo;un MMOAG entre la TEC140 et la FLI ce qui \u00e9limine les probl\u00e8mes de flexion, cette installation est une grande r\u00e9ussite, je peux enfin imager avec des poses de 30mn sans probl\u00e8me de guidage.<\/p>\n<p><strong>JUILLET 2009<\/strong><\/p>\n<p>Commande d&rsquo;une nouvelle cam\u00e9ra CCD FLI Proline 16803 pour remplacer la IMG6303e sur la TEC140.<\/p>\n<p><strong>NOVEMBRE 2009<\/strong><\/p>\n<p>Petit s\u00e9jour \u00e0 Mandelieu (Explor&rsquo;Espace) o\u00f9 je rencontre Solange, responsable de SIRENE. Les pr\u00e9sentations sont faites&#8230;<\/p>\n<p>Visite \u00e0 l&rsquo;observatoire SIRENE pour choisir l&#8217;emplacement de la nouvelle coupole Scopedome de 3m o\u00f9 le Rcos sera install\u00e9 avec une monture Paramount et une cam\u00e9ra CCD Apogee 16803, Didier Plassard et moi m\u00eame choisissons de collaborer ensemble pour nous installer \u00e0 Sirene.<\/p>\n<p>Le pari est sympa !<\/p>\n<p>Nous d\u00e9cidons, Didier et moi, d&rsquo;installer la coupole en mai 2010, les travaux de ma\u00e7onnerie commenceront en mars et l&rsquo;installation de la coupole en avril.<\/p>\n<p><strong>JANVIER 2010<\/strong><\/p>\n<p>La CCD ST10xme est vendue d&rsquo;occasion&#8230;.Snifffff, elle me plaisait bien celle l\u00e0&#8230;..bonne chance au nouveau propri\u00e9taire.<\/p>\n<p><strong>FEVRIER 2010<\/strong><\/p>\n<p>La nouvelle CCD Finger Lakes 16803 est arriv\u00e9e et remplace la FLI 6303e sur la TEC140, l&rsquo;ensemble est superbe de solidit\u00e9.<\/p>\n<p><strong>MARS 2010<\/strong><\/p>\n<p>2em week-end \u00e0 SIRENE pour faire les ma\u00e7ons, la dalle et le pied colonne sont coul\u00e9s en deux jours.<\/p>\n<p><strong>AVRIL 2010<\/strong><\/p>\n<p>3em week-end o\u00f9 nous montons la coupole, on s&rsquo;arrache les cheveux avec la notice et rien ne correspon,d au sch\u00e9ma, des pi\u00e8ces sont en trop, certaines manquent ! grosse d\u00e9ception.<\/p>\n<p><strong>MAI 2010<\/strong><\/p>\n<p>La Proline 16803 a des probl\u00e8mes de lignes horizontales et des halos autour des \u00e9toiles, celle ci repart \u00e0 New York ! d\u00e9ception.<br \/>\n4em week-end \u00e0 Sirene, gal\u00e8res sur gal\u00e8re avec cette coupole ! \u00e7a continue&#8230;<\/p>\n<p><strong>JUIN 2010<\/strong><\/p>\n<p>5em week-end end \u00e0 Sirene&#8230;toujours les gal\u00e8res mais on avance quand m\u00eame, le retard dans les travaux se fait sentir&#8230;<\/p>\n<p><strong>AOUT 2010<\/strong><\/p>\n<p>6em week-end end \u00e0 Sirene avec Didier Plassard, on monte le t\u00e9lescope, la coupole tourne, le cimier s&rsquo;ouvre, les denriers r\u00e9glages s&rsquo;op\u00e8rent, &lsquo;espoir est l\u00e0 !<\/p>\n<p><strong>SEPTEMBRE 2010<\/strong><\/p>\n<p>La Proline n&rsquo;est toujours pas l\u00e0, tout est chang\u00e9 sauf le capteur, d\u00e9sespoir !<br \/>\n7 em week-end end \u00e0 Sir\u00e8ne, mais tout seul, Didier est en Corse. LA mise en station est termin\u00e9e, l&rsquo;installation des c\u00e2bles est finie, les passages au m\u00e9ridien se passent bien.<br \/>\n3 jours plus tard je peux enfin faire ma premi\u00e8re nuit en remote, une coupure de jus et un mauvais branchement sur l&rsquo;IP Power \u00e9teint tout ! le lendemain je remets tout en marche et teste la coupole en rotation le lendemain, une erreur de ma part fait que la coupole tourne plus d&rsquo;un tour sur elle m\u00eame, entrainant le c\u00e2ble d&rsquo;alimentation du cimier et arrache celui ci sur le cimier ! d\u00e9ception ! une solution existe pour emp\u00eacher cette erreur.<\/p>\n<p><strong>F\u00e9vrier 2011<\/strong><\/p>\n<p>L&rsquo;observatoire de Castor Sirene fonctionne bien malgr\u00e9 quelques petites faiblesses de jeunesse.<\/p>\n<p><strong>Juillet 2011<\/strong><\/p>\n<p>D\u00e9couverte de Ou4<\/p>\n<p><strong>Avril 2012<\/strong><\/p>\n<p>Je re\u00e7ois un nouveau t\u00e9lescope de chez Orion Optics de 400mm de diam\u00e8tre et ouvert \u00e0 3,8, les r\u00e9glages sont ne cours pour obtenir le meilleur de ce gamin pas facile \u00e0 maitriser !<\/p>\n<p>Tout le porte oculaire du 400 est \u00e0 refaire, Didier CHAPLAIN et sa soci\u00e9t\u00e9 Skymeca me refait tout le syst\u00e8me.<\/p>\n<p><strong>Mai 2013\u00a0<\/strong><\/p>\n<p>Premi\u00e8re rencontre avec le futur groupe Ciel Austral et mise en place du r\u00e8ve d&rsquo;un setup au Chili.<\/p>\n<p><strong>D\u00e9cembre 2013<\/strong><\/p>\n<p>Je commande un nouveau miroir pour remplacer celui d&rsquo;origine de Orion Optics qui se r\u00e9v\u00e8le astigmate.<\/p>\n<p><strong>Avril 2014<\/strong><\/p>\n<p>Le nouveau miroir du 400 provient de chez SkyVision et il est carr\u00e9ment extra. Je monte la Sbig 6303e.<\/p>\n<p><strong>Octobre 2014<\/strong><\/p>\n<p>Je change de cam\u00e9ra sur le 400 Orion Optics et mets une Moravian G4 16803 et ses 7 filtres Astrodon. Les belles images commencent \u00e0 se pointer ! Vive les Newtons.<\/p>\n<p><strong>janvier 2016<\/strong><\/p>\n<p>Le projet Chili prend forme ! la suite bient\u00f4t&#8230;<\/p>\n<p><strong>F\u00e9vrier 2016<\/strong><\/p>\n<p>Nous d\u00e9cidons d&rsquo;aller chercher le Rcos \u00e0 Sirene et le ramener \u00e0 la maison pour faire un nettoyage du miroir primaire.<\/p>\n<p>Nous attendons la cam\u00e9ra CCD Apogee qui est en SAV pour un probl\u00e8me de connexion.<\/p>\n<p><strong>Avril 2016<\/strong><\/p>\n<p>La cam\u00e9ra Apogee est r\u00e9par\u00e9e maisc&rsquo;est la monture maintenant qui est en panne, 2 jours de recherche et pour s&rsquo;apercevoir que c&rsquo;est un encodeur qui merde. Cyprien nous sauve la mise en commandant un composant \u00e0 20 \u20ac !<\/p>\n<p><strong>Juillet 2016<\/strong><\/p>\n<p>Les images \u00e0 Sirene reprennent, on en a profit\u00e9 pour refaire la collimation et on descend la FWHM \u00e0 1.3 assez r\u00e9guli\u00e8rement.<\/p>\n<p><strong>Mars 2017<\/strong><\/p>\n<p>La TEC160 est install\u00e9e au Chili \u00e0 l&rsquo;observatoire El Sauce. L&rsquo;association Ciel Austral est n\u00e9e (Laurent Bourgon, Jean-Claude Cannone, Didier Chaplain, Philippe Berhnard et moi-m\u00eame)<\/p>\n<p>A nous l&rsquo;h\u00e9misph\u00e8re sud.<\/p>\n<p><strong>Avril 2017<\/strong><\/p>\n<p>Les <a href=\"http:\/\/outters.fr\/category\/site-dobservation\/observatoire-chili\/\" target=\"_blank\" rel=\"noopener\">premi\u00e8res images<\/a> du Chili arrivent, je vous laisse juge.<\/p>\n<p>On a choisi d&rsquo;en faire peu mais de taper fort avec les temps de pose.<\/p>\n<p>La TEC140 est vendue \u00e0 P\u00e9p\u00e9 et c&rsquo;est Pascal Langlais qui va l&rsquo;utiliser, bon vent \u00e0 toi ch\u00e8re partenaire je me s\u00e9pare de toi apr\u00e8s 13 ans de loyaux services ! quelques images <a href=\"http:\/\/outters.fr\/category\/materiel\/lunette-tec140\/\" target=\"_blank\" rel=\"noopener\">ici<\/a><\/p>\n<p>En remplacement de la TEC140 j&rsquo;ai command\u00e9 en 2016 chez SkyVision un Newton 16&Prime; F4, celui arrivera en octobre 2017 prochain. H\u00e9 oui, il faut \u00eatre patient en astronomie !<\/p>\n<p><strong>Octobre 2017<\/strong><\/p>\n<p>Mon Newton SkyVision est arriv\u00e9 chez moi par transporteur sp\u00e9cial, 60 kg ! il p\u00e8se le b\u00e9b\u00e9.<\/p>\n<p>Mon Ip Power est mort et j&rsquo;en profite pour refaire toute l&rsquo;installation \u00e9lectrique de l&rsquo;observatoire d&rsquo;orange.<\/p>\n<p>4 sorties 12 v pour le newton1<br \/>\n-1 pour la partie CCD, guider, focuser<br \/>\n-1 autre pour les ventilos primaire et resistance secondaire<br \/>\n-1 pour l&rsquo;alim PC 19v via un relais 12v<br \/>\n-1 pour l&rsquo;alim Paramount via un relais 12v<\/p>\n<p>4 sorties 12 v pour le newton2<br \/>\n-1 pour la partie CCD, guider, focuser<br \/>\n-1 autre pour les ventilos primaire et resistance secondaire<br \/>\n-1 pour l&rsquo;alim PC 19v via un relais 12v<br \/>\n-1 pour l&rsquo;alim Paramount via un relais 12v<\/p>\n<p>Je vais choisir l&rsquo;IPX 800 V4 et je ne commande pas l&rsquo;ouverture du toit, celui ci passe juste au ras des t\u00e9lescopes park\u00e9s et je pr\u00e9f\u00e8re v\u00e9rifier visuellement le bon park des t\u00e9lescopes.<\/p>\n<p>Je vais alimenter le tout avec une alimentation pr\u00e9conis\u00e9e par Laurent :<br \/>\n<a href=\"http:\/\/www.conrad.fr\/ce\/fr\/product\/1293132\/Alimentation-CACC-ferme-Mean-Well-HRP-600-12-12-VDC-53-A-636-W-1-pcs?ref=list\" target=\"_blank\" rel=\"nofollow noopener\">http:\/\/www.conrad.fr\/ce\/fr\/product\/1293132\/Alimentation-CACC-ferme-Mean-Well-HRP-600-12-12-VDC-53-A-636-W-1-pcs?ref=list<\/a><\/p>\n<p>J&rsquo;ai calcul\u00e9, j&rsquo;ai besoin de 400 watts au plus.<\/p>\n<p>Je vais passer des c\u00e2bles 12v de 1,5mm en silicones pour alimenter les CCD,guider, focuser et resistances. Un pote va tout me souder cot\u00e9 t\u00e9lescope et gainer ensuite.<\/p>\n<p>Pour l&rsquo;iPX800je vais donc avoir 8 sorties et acheter une extension pour commander les cam\u00e9ras IP.<br \/>\nResteront allum\u00e9s en permanence :<br \/>\n&#8211; L&rsquo;onduleur<br \/>\n&#8211; l&rsquo;alimentation principale<br \/>\n&#8211; Les r\u00e9sistances de c\u00e2bles chauffants des barres de toit<br \/>\n&#8211; Le PC portable qui contr\u00f4le les cam\u00e9ras IP et qui envoie sur le site outters.fr\/wp<\/p>\n<p>Le tout est prot\u00e9g\u00e9 par une armoire informatique ventil\u00e9e.<\/p>\n<p><strong>Mars 2018<\/strong><\/p>\n<p>2e voyage programm\u00e9 au Chili du 13 au 23 mars 2018 pour installer le t\u00e9lescope de 500 F6,8 DK<\/p>\n<\/div><\/div><\/div><\/div><\/div>\n","protected":false},"excerpt":{"rendered":"","protected":false},"author":1,"featured_media":0,"parent":0,"menu_order":0,"comment_status":"closed","ping_status":"closed","template":"","meta":{"footnotes":""},"class_list":["post-50","page","type-page","status-publish","hentry"],"_links":{"self":[{"href":"https:\/\/www.outters.fr\/index.php?rest_route=\/wp\/v2\/pages\/50","targetHints":{"allow":["GET"]}}],"collection":[{"href":"https:\/\/www.outters.fr\/index.php?rest_route=\/wp\/v2\/pages"}],"about":[{"href":"https:\/\/www.outters.fr\/index.php?rest_route=\/wp\/v2\/types\/page"}],"author":[{"embeddable":true,"href":"https:\/\/www.outters.fr\/index.php?rest_route=\/wp\/v2\/users\/1"}],"replies":[{"embeddable":true,"href":"https:\/\/www.outters.fr\/index.php?rest_route=%2Fwp%2Fv2%2Fcomments&post=50"}],"version-history":[{"count":25,"href":"https:\/\/www.outters.fr\/index.php?rest_route=\/wp\/v2\/pages\/50\/revisions"}],"predecessor-version":[{"id":10250,"href":"https:\/\/www.outters.fr\/index.php?rest_route=\/wp\/v2\/pages\/50\/revisions\/10250"}],"wp:attachment":[{"href":"https:\/\/www.outters.fr\/index.php?rest_route=%2Fwp%2Fv2%2Fmedia&parent=50"}],"curies":[{"name":"wp","href":"https:\/\/api.w.org\/{rel}","templated":true}]}}