{"id":7476,"date":"2018-11-11T11:19:16","date_gmt":"2018-11-11T10:19:16","guid":{"rendered":"http:\/\/outters.fr\/?page_id=7476"},"modified":"2025-07-26T16:23:26","modified_gmt":"2025-07-26T15:23:26","slug":"telescope-newton-16-f4-skyvision","status":"publish","type":"page","link":"https:\/\/www.outters.fr\/?page_id=7476","title":{"rendered":"T\u00e9lescope Newton 16&Prime; F4 SkyVision (France)"},"content":{"rendered":"<p><div class=\"fusion-fullwidth fullwidth-box fusion-builder-row-1 fusion-flex-container hundred-percent-fullwidth non-hundred-percent-height-scrolling\" style=\"--awb-border-radius-top-left:0px;--awb-border-radius-top-right:0px;--awb-border-radius-bottom-right:0px;--awb-border-radius-bottom-left:0px;--awb-flex-wrap:wrap;\" ><div class=\"fusion-builder-row fusion-row fusion-flex-align-items-flex-start fusion-flex-content-wrap\" style=\"width:104% !important;max-width:104% !important;margin-left: calc(-4% \/ 2 );margin-right: calc(-4% \/ 2 );\"><div class=\"fusion-layout-column fusion_builder_column fusion-builder-column-0 fusion_builder_column_1_1 1_1 fusion-flex-column\" style=\"--awb-bg-size:cover;--awb-width-large:100%;--awb-margin-top-large:0px;--awb-spacing-right-large:1.92%;--awb-margin-bottom-large:20px;--awb-spacing-left-large:1.92%;--awb-width-medium:100%;--awb-spacing-right-medium:1.92%;--awb-spacing-left-medium:1.92%;--awb-width-small:100%;--awb-spacing-right-small:1.92%;--awb-spacing-left-small:1.92%;\"><div class=\"fusion-column-wrapper fusion-flex-justify-content-flex-start fusion-content-layout-column\"><div class=\"fusion-title title fusion-title-1 fusion-title-text fusion-title-size-one\"><div class=\"title-sep-container title-sep-container-left fusion-no-large-visibility fusion-no-medium-visibility fusion-no-small-visibility\"><div class=\"title-sep sep- sep-solid\" style=\"border-color:#3e3e3e;\"><\/div><\/div><span class=\"awb-title-spacer fusion-no-large-visibility fusion-no-medium-visibility fusion-no-small-visibility\"><\/span><h1 class=\"fusion-title-heading title-heading-left fusion-responsive-typography-calculated\" style=\"margin:0;--fontSize:;--minFontSize:0;line-height:;\"><p style=\"text-align: center;\">Telescope Newton 16&Prime; F4 SkyVision (France)<\/p><\/h1><span class=\"awb-title-spacer\"><\/span><div class=\"title-sep-container title-sep-container-right\"><div class=\"title-sep sep- sep-solid\" style=\"border-color:#3e3e3e;\"><\/div><\/div><\/div><\/div><\/div><div class=\"fusion-layout-column fusion_builder_column fusion-builder-column-1 fusion_builder_column_3_4 3_4 fusion-flex-column fusion-flex-align-self-flex-start fusion-column-no-min-height\" style=\"--awb-bg-size:cover;--awb-width-large:75%;--awb-margin-top-large:0px;--awb-spacing-right-large:3.84%;--awb-margin-bottom-large:0px;--awb-spacing-left-large:2.56%;--awb-width-medium:75%;--awb-spacing-right-medium:3.84%;--awb-spacing-left-medium:2.56%;--awb-width-small:100%;--awb-spacing-right-small:1.92%;--awb-spacing-left-small:1.92%;\"><div class=\"fusion-column-wrapper fusion-flex-justify-content-flex-start fusion-content-layout-column\"><div class=\"fusion-image-element \" style=\"--awb-caption-title-font-family:var(--h2_typography-font-family);--awb-caption-title-font-weight:var(--h2_typography-font-weight);--awb-caption-title-font-style:var(--h2_typography-font-style);--awb-caption-title-size:var(--h2_typography-font-size);--awb-caption-title-transform:var(--h2_typography-text-transform);--awb-caption-title-line-height:var(--h2_typography-line-height);--awb-caption-title-letter-spacing:var(--h2_typography-letter-spacing);\"><span class=\" fusion-imageframe imageframe-none imageframe-1 hover-type-none\"><a class=\"fusion-no-lightbox\" href=\"http:\/\/outters.fr\/wp-content\/uploads\/2018\/11\/sv400-21.jpg\" target=\"_blank\" aria-label=\"WP_20190916_15_09_07_Pro\" rel=\"noopener noreferrer\"><img decoding=\"async\" width=\"900\" height=\"507\" src=\"http:\/\/outters.fr\/wp-content\/uploads\/2019\/09\/WP_20190916_15_09_07_Pro-e1571549366959-900x507.jpg\" alt class=\"img-responsive wp-image-8371\" srcset=\"https:\/\/www.outters.fr\/wp-content\/uploads\/2019\/09\/WP_20190916_15_09_07_Pro-e1571549366959-200x113.jpg 200w, https:\/\/www.outters.fr\/wp-content\/uploads\/2019\/09\/WP_20190916_15_09_07_Pro-e1571549366959-400x225.jpg 400w, https:\/\/www.outters.fr\/wp-content\/uploads\/2019\/09\/WP_20190916_15_09_07_Pro-e1571549366959-600x338.jpg 600w, https:\/\/www.outters.fr\/wp-content\/uploads\/2019\/09\/WP_20190916_15_09_07_Pro-e1571549366959-800x451.jpg 800w, https:\/\/www.outters.fr\/wp-content\/uploads\/2019\/09\/WP_20190916_15_09_07_Pro-e1571549366959-1200x676.jpg 1200w, https:\/\/www.outters.fr\/wp-content\/uploads\/2019\/09\/WP_20190916_15_09_07_Pro-e1571549366959.jpg 3264w\" sizes=\"(max-width: 464px) 100vw, 900px\" \/><\/a><\/span><\/div><div class=\"fusion-separator fusion-full-width-sep\" style=\"align-self: center;margin-left: auto;margin-right: auto;width:100%;\"><div class=\"fusion-separator-border sep-double\" style=\"--awb-height:20px;--awb-amount:20px;border-color:#3e3e3e;border-top-width:1px;border-bottom-width:1px;\"><\/div><\/div><div class=\"fusion-text fusion-text-1\"><p>Quelques brutes de 10 mn en luminance et en Ha 3\u00b5<\/p>\n<p>Voici 4 images :<\/p>\n<ol>\n<li>Une copie d&rsquo;\u00e9cran d&rsquo;image brute de 10mn filtre L faite avec une FLI Proline 16803 (Jpeg apr\u00e8s un histogramme sur une STF de Pixinsight)<\/li>\n<li>La m\u00eame image brute mais en zip \u00e0 t\u00e9l\u00e9charger et \u00e0 visualiser sur Pixinsight ou autre logiciel qui lit les FIT<\/li>\n<li>Une copie d&rsquo;\u00e9cran d&rsquo;image brute de 10mn filtre Ha 3\u00b5 faite avec une FLI Proline 16803 (Jpeg apr\u00e8s un histogramme sur une STF de Pixinsight)<\/li>\n<li>La m\u00eame image brute mais en zip \u00e0 t\u00e9l\u00e9charger et \u00e0 visualiser sur Pixinsight ou autre logiciel qui lit les FIT<\/li>\n<\/ol>\n<\/div><div class=\"fusion-image-carousel fusion-image-carousel-fixed fusion-image-carousel-1 fusion-carousel-border\"><div class=\"awb-carousel awb-swiper awb-swiper-carousel awb-swiper-dots-position-bottom awb-carousel--carousel\" data-layout=\"carousel\" data-autoplay=\"no\" data-autoplayspeed=\"2500\" data-autoplaypause=\"no\" data-columns=\"4\" data-itemmargin=\"0\" data-itemwidth=\"180\" data-touchscroll=\"no\" data-freemode=\"no\" data-imagesize=\"fixed\" data-scrollitems=\"0\" data-centeredslides=\"no\" data-rotationangle=\"50\" data-depth=\"100\" data-speed=\"500\" data-shadow=\"no\" style=\"--awb-columns:4;--awb-column-spacing:0px;--awb-border-width:1px;--awb-border-color:#e9eaee;\"><div class=\"swiper-wrapper awb-image-carousel-wrapper fusion-flex-align-items-center\"><div class=\"swiper-slide\"><div class=\"fusion-carousel-item-wrapper\"><div class=\"fusion-image-wrapper hover-type-zoomin\"><a href=\"http:\/\/outters.fr\/wp-content\/uploads\/2019\/10\/sv400-brute10mn-stf.jpg\" target=\"_blank\" rel=\"noopener noreferrer\"><img decoding=\"async\" width=\"320\" height=\"202\" src=\"https:\/\/www.outters.fr\/wp-content\/uploads\/2019\/10\/sv400-brute10mn-stf-320x202.jpg\" class=\"attachment-blog-medium size-blog-medium\" alt=\"image brute sur zone M92 pose unitaire de 10&#039; avec filtre luminance Astrodon\" \/><\/a><\/div><\/div><\/div><div class=\"swiper-slide\"><div class=\"fusion-carousel-item-wrapper\"><div class=\"fusion-image-wrapper hover-type-zoomin\"><a href=\"http:\/\/outters.fr\/wp-content\/uploads\/2019\/10\/M_92_Clear-_006.zip\" target=\"_blank\" rel=\"noopener noreferrer\"><img decoding=\"async\" width=\"290\" height=\"174\" src=\"https:\/\/www.outters.fr\/wp-content\/uploads\/2018\/07\/zip_logo.jpg\" class=\"attachment-blog-medium size-blog-medium\" alt=\"Image brute \u00e0 d\u00e9zzipper\" srcset=\"https:\/\/www.outters.fr\/wp-content\/uploads\/2018\/07\/zip_logo-200x120.jpg 200w, https:\/\/www.outters.fr\/wp-content\/uploads\/2018\/07\/zip_logo.jpg 290w\" sizes=\"(min-width: 2200px) 100vw, (min-width: 915px) 450px, (min-width: 824px) 600px, (min-width: 732px) 824px, (min-width: 640px) 732px, \" \/><\/a><\/div><\/div><\/div><div class=\"swiper-slide\"><div class=\"fusion-carousel-item-wrapper\"><div class=\"fusion-image-wrapper hover-type-zoomin\"><a href=\"http:\/\/outters.fr\/wp-content\/uploads\/2019\/10\/ngc6846-zone-Ha-10mn-stf.jpg\" target=\"_blank\" rel=\"noopener noreferrer\"><img decoding=\"async\" width=\"320\" height=\"202\" src=\"https:\/\/www.outters.fr\/wp-content\/uploads\/2019\/10\/ngc6846-zone-Ha-10mn-stf-320x202.jpg\" class=\"attachment-blog-medium size-blog-medium\" alt=\"Image brute de 10mn en Halpha 3\u00b5\" \/><\/a><\/div><\/div><\/div><div class=\"swiper-slide\"><div class=\"fusion-carousel-item-wrapper\"><div class=\"fusion-image-wrapper hover-type-zoomin\"><a href=\"http:\/\/outters.fr\/wp-content\/uploads\/2019\/10\/ngc6846_zone_Halpha-_019.zip\" target=\"_blank\" rel=\"noopener noreferrer\"><img decoding=\"async\" width=\"290\" height=\"174\" src=\"https:\/\/www.outters.fr\/wp-content\/uploads\/2018\/07\/zip_logo.jpg\" class=\"attachment-blog-medium size-blog-medium\" alt=\"Image brute de 10mn en Ha 3\u00b5\" srcset=\"https:\/\/www.outters.fr\/wp-content\/uploads\/2018\/07\/zip_logo-200x120.jpg 200w, https:\/\/www.outters.fr\/wp-content\/uploads\/2018\/07\/zip_logo.jpg 290w\" sizes=\"(min-width: 2200px) 100vw, (min-width: 915px) 450px, (min-width: 824px) 600px, (min-width: 732px) 824px, (min-width: 640px) 732px, \" \/><\/a><\/div><\/div><\/div><\/div><\/div><\/div><div class=\"fusion-separator fusion-full-width-sep\" style=\"align-self: center;margin-left: auto;margin-right: auto;width:100%;\"><div class=\"fusion-separator-border sep-double\" style=\"--awb-height:20px;--awb-amount:20px;border-color:#3e3e3e;border-top-width:1px;border-bottom-width:1px;\"><\/div><\/div><div class=\"fusion-text fusion-text-2\"><p>Quelques petits soucis qui se r\u00e9solvent avec le temps :<\/p>\n<ol>\n<li>des lumi\u00e8res parasites rentrent dans le parelumi\u00e8re qui est aux premi\u00e8res loges, gros gradient lat\u00e9ral difficile \u00e0 \u00e9liminer ! Solution ? un parelumi\u00e8re sur le correcteur lui-m\u00eame et sur le t\u00e9lescope ! c&rsquo;est moche mais \u00e7a fonctionne bien !<a href=\"http:\/\/outters.fr\/wp-content\/uploads\/2019\/09\/WP_20190916_15_00_09_Pro.jpg\" target=\"_blank\" rel=\"noopener noreferrer\"><img decoding=\"async\" class=\"alignleft wp-image-8362 size-thumbnail\" src=\"http:\/\/outters.fr\/wp-content\/uploads\/2019\/09\/WP_20190916_15_00_09_Pro-150x150.jpg\" alt=\"\" width=\"150\" height=\"150\" srcset=\"https:\/\/www.outters.fr\/wp-content\/uploads\/2019\/09\/WP_20190916_15_00_09_Pro-66x66.jpg 66w, https:\/\/www.outters.fr\/wp-content\/uploads\/2019\/09\/WP_20190916_15_00_09_Pro-150x150.jpg 150w, https:\/\/www.outters.fr\/wp-content\/uploads\/2019\/09\/WP_20190916_15_00_09_Pro.jpg 3264w\" sizes=\"(max-width: 150px) 100vw, 150px\" \/><\/a><a href=\"http:\/\/outters.fr\/wp-content\/uploads\/2019\/09\/WP_20190916_15_07_58_Pro.jpg\" target=\"_blank\" rel=\"noopener noreferrer\"><img decoding=\"async\" class=\"alignleft wp-image-8365 size-thumbnail\" src=\"http:\/\/outters.fr\/wp-content\/uploads\/2019\/09\/WP_20190916_15_07_58_Pro-150x150.jpg\" alt=\"\" width=\"150\" height=\"150\" srcset=\"https:\/\/www.outters.fr\/wp-content\/uploads\/2019\/09\/WP_20190916_15_07_58_Pro-66x66.jpg 66w, https:\/\/www.outters.fr\/wp-content\/uploads\/2019\/09\/WP_20190916_15_07_58_Pro-150x150.jpg 150w, https:\/\/www.outters.fr\/wp-content\/uploads\/2019\/09\/WP_20190916_15_07_58_Pro.jpg 3264w\" sizes=\"(max-width: 150px) 100vw, 150px\" \/><\/a><\/li>\n<li>\u00a0La monture est limite au niveau poid et surtout la flexion du pied colonne ! Solution : j&rsquo;ai mis des corni\u00e8res sur les 4 coins pour diminuer l&rsquo;effet de flexion du pied.<\/li>\n<\/ol>\n<\/div><\/div><\/div><div class=\"fusion-layout-column fusion_builder_column fusion-builder-column-2 fusion_builder_column_1_4 1_4 fusion-flex-column\" style=\"--awb-bg-size:cover;--awb-width-large:25%;--awb-margin-top-large:0px;--awb-spacing-right-large:7.68%;--awb-margin-bottom-large:20px;--awb-spacing-left-large:3.84%;--awb-width-medium:25%;--awb-spacing-right-medium:7.68%;--awb-spacing-left-medium:3.84%;--awb-width-small:100%;--awb-spacing-right-small:1.92%;--awb-spacing-left-small:1.92%;\"><div class=\"fusion-column-wrapper fusion-flex-justify-content-flex-start fusion-content-layout-column\"><div class=\"fusion-text fusion-text-3\"><h4>Mon premier Newton a \u00e9t\u00e9 une exp\u00e9rience un peu flippante je dois dire ! voir la page ci contre : <a href=\"http:\/\/outters.fr\/newton-oo16\/\" target=\"_blank\" rel=\"noopener noreferrer\">Newton AG16 modifi\u00e9<\/a><\/h4>\n<p>Sinon, pourquoi refaire ce que j&rsquo;ai d\u00e9j\u00e0 ? question l\u00e9gitime me direz vous, en fait les nuits sont limit\u00e9es en haute savoie, ce n&rsquo;est pas 310 nuits claires comme au Chili. Alors avec un deuxi\u00e8me instrument je double mes nuits d&rsquo;imagerie et puis je peux \u00e9galement faire des mosa\u00efques ou compl\u00e9ter le champs d&rsquo;une image faite avec l&rsquo;AG16 avec le SkyVision. Enfin on ne trouve pas de raisons plus ou moins l\u00e9gitimes pour se faire plaisir. D&rsquo;un autre cot\u00e9 il fallait remplacer la lunette TEC140 avec ses 995mm de focale et je dois dire que 14 ans d&rsquo;imagerie avec la TEC m&rsquo;a bien suffit. Il me fallait donc plus grand comme toujours.<\/p>\n<p>Le miroir que m&rsquo;avait fabriqu\u00e9 Skyvision et qui est venu remplacer\u00a0 celui de Orion Optics m&rsquo;a convaincu de continuer \u00e0 travailler avec la soci\u00e9t\u00e9 SkyVision.<\/p>\n<p>Le but \u00e9tant d&rsquo;avoir un seul interlocuteur pour un seul t\u00e9lescope. La partie optique serait fabriqu\u00e9 par Skyvision, l&rsquo;\u00e9tude m\u00e9canique \u00e9galement et la contruction des pi\u00e8ces m\u00e9caniques par la soci\u00e9t\u00e9 SkyMeca (Didier Chaplain) que je connais bien et qui travaille \u00e0 merveille.<\/p>\n<p>Comme toujours il y a eu du retard mais \u00e7a je le savais d\u00e9j\u00e0 au d\u00e9part.<\/p>\n<\/div><div class=\"fusion-text fusion-text-4\"><p>Voici quelques vues des pi\u00e8ces du t\u00e9lescope.<\/p>\n<\/div><div class=\"fusion-image-carousel fusion-image-carousel-auto fusion-image-carousel-2 fusion-no-small-visibility fusion-carousel-border\"><div class=\"awb-carousel awb-swiper awb-swiper-carousel awb-swiper-dots-position-bottom awb-carousel--carousel\" data-layout=\"carousel\" data-autoplay=\"no\" data-autoplayspeed=\"2500\" data-autoplaypause=\"no\" data-columns=\"6\" data-itemmargin=\"13\" data-itemwidth=\"180\" data-touchscroll=\"no\" data-freemode=\"no\" data-imagesize=\"auto\" data-scrollitems=\"0\" data-centeredslides=\"no\" data-rotationangle=\"50\" data-depth=\"100\" data-speed=\"500\" data-shadow=\"no\" style=\"--awb-columns:6;--awb-border-width:1px;--awb-border-color:#e9eaee;\"><div class=\"swiper-wrapper awb-image-carousel-wrapper fusion-flex-align-items-center\"><div class=\"swiper-slide\"><div class=\"fusion-carousel-item-wrapper\"><div class=\"fusion-image-wrapper hover-type-zoomin\"><a href=\"http:\/\/outters.fr\/wp-content\/uploads\/2018\/11\/sv400-3.jpg\" target=\"_blank\" rel=\"noopener noreferrer\"><img decoding=\"async\" width=\"5184\" height=\"3456\" src=\"https:\/\/www.outters.fr\/wp-content\/uploads\/2018\/11\/sv400-3.jpg\" class=\"attachment-full size-full\" alt=\"\" srcset=\"https:\/\/www.outters.fr\/wp-content\/uploads\/2018\/11\/sv400-3-200x133.jpg 200w, https:\/\/www.outters.fr\/wp-content\/uploads\/2018\/11\/sv400-3-400x267.jpg 400w, https:\/\/www.outters.fr\/wp-content\/uploads\/2018\/11\/sv400-3-600x400.jpg 600w, https:\/\/www.outters.fr\/wp-content\/uploads\/2018\/11\/sv400-3-800x533.jpg 800w, https:\/\/www.outters.fr\/wp-content\/uploads\/2018\/11\/sv400-3-1200x800.jpg 1200w, https:\/\/www.outters.fr\/wp-content\/uploads\/2018\/11\/sv400-3.jpg 5184w\" sizes=\"(min-width: 2200px) 100vw, (min-width: 1099px) 289px, (min-width: 1007px) 347px, (min-width: 915px) 434px, (min-width: 824px) 578px, (min-width: 732px) 824px, (min-width: 640px) 732px, \" \/><\/a><\/div><\/div><\/div><div class=\"swiper-slide\"><div class=\"fusion-carousel-item-wrapper\"><div class=\"fusion-image-wrapper hover-type-zoomin\"><a href=\"http:\/\/outters.fr\/wp-content\/uploads\/2018\/11\/sv400-6.jpg\" target=\"_blank\" rel=\"noopener noreferrer\"><img decoding=\"async\" width=\"5184\" height=\"3456\" src=\"https:\/\/www.outters.fr\/wp-content\/uploads\/2018\/11\/sv400-6.jpg\" class=\"attachment-full size-full\" alt=\"\" srcset=\"https:\/\/www.outters.fr\/wp-content\/uploads\/2018\/11\/sv400-6-200x133.jpg 200w, https:\/\/www.outters.fr\/wp-content\/uploads\/2018\/11\/sv400-6-400x267.jpg 400w, https:\/\/www.outters.fr\/wp-content\/uploads\/2018\/11\/sv400-6-600x400.jpg 600w, https:\/\/www.outters.fr\/wp-content\/uploads\/2018\/11\/sv400-6-800x533.jpg 800w, https:\/\/www.outters.fr\/wp-content\/uploads\/2018\/11\/sv400-6-1200x800.jpg 1200w, https:\/\/www.outters.fr\/wp-content\/uploads\/2018\/11\/sv400-6.jpg 5184w\" sizes=\"(min-width: 2200px) 100vw, (min-width: 1099px) 289px, (min-width: 1007px) 347px, (min-width: 915px) 434px, (min-width: 824px) 578px, (min-width: 732px) 824px, (min-width: 640px) 732px, \" \/><\/a><\/div><\/div><\/div><div class=\"swiper-slide\"><div class=\"fusion-carousel-item-wrapper\"><div class=\"fusion-image-wrapper hover-type-zoomin\"><a href=\"http:\/\/outters.fr\/wp-content\/uploads\/2019\/09\/WP_20190916_15_13_18_Pro.jpg\" target=\"_blank\" rel=\"noopener noreferrer\"><img decoding=\"async\" width=\"3264\" height=\"1840\" src=\"https:\/\/www.outters.fr\/wp-content\/uploads\/2019\/09\/WP_20190916_15_13_18_Pro.jpg\" class=\"attachment-full size-full\" alt=\"\" srcset=\"https:\/\/www.outters.fr\/wp-content\/uploads\/2019\/09\/WP_20190916_15_13_18_Pro-200x113.jpg 200w, https:\/\/www.outters.fr\/wp-content\/uploads\/2019\/09\/WP_20190916_15_13_18_Pro-400x225.jpg 400w, https:\/\/www.outters.fr\/wp-content\/uploads\/2019\/09\/WP_20190916_15_13_18_Pro-600x338.jpg 600w, https:\/\/www.outters.fr\/wp-content\/uploads\/2019\/09\/WP_20190916_15_13_18_Pro-800x451.jpg 800w, https:\/\/www.outters.fr\/wp-content\/uploads\/2019\/09\/WP_20190916_15_13_18_Pro-1200x676.jpg 1200w, https:\/\/www.outters.fr\/wp-content\/uploads\/2019\/09\/WP_20190916_15_13_18_Pro.jpg 3264w\" sizes=\"(min-width: 2200px) 100vw, (min-width: 1099px) 289px, (min-width: 1007px) 347px, (min-width: 915px) 434px, (min-width: 824px) 578px, (min-width: 732px) 824px, (min-width: 640px) 732px, \" \/><\/a><\/div><\/div><\/div><div class=\"swiper-slide\"><div class=\"fusion-carousel-item-wrapper\"><div class=\"fusion-image-wrapper hover-type-zoomin\"><a href=\"http:\/\/outters.fr\/wp-content\/uploads\/2019\/09\/WP_20190916_15_12_54_Pro.jpg\" target=\"_blank\" rel=\"noopener noreferrer\"><img decoding=\"async\" width=\"3264\" height=\"1840\" src=\"https:\/\/www.outters.fr\/wp-content\/uploads\/2019\/09\/WP_20190916_15_12_54_Pro.jpg\" class=\"attachment-full size-full\" alt=\"\" srcset=\"https:\/\/www.outters.fr\/wp-content\/uploads\/2019\/09\/WP_20190916_15_12_54_Pro-200x113.jpg 200w, https:\/\/www.outters.fr\/wp-content\/uploads\/2019\/09\/WP_20190916_15_12_54_Pro-400x225.jpg 400w, https:\/\/www.outters.fr\/wp-content\/uploads\/2019\/09\/WP_20190916_15_12_54_Pro-600x338.jpg 600w, https:\/\/www.outters.fr\/wp-content\/uploads\/2019\/09\/WP_20190916_15_12_54_Pro-800x451.jpg 800w, https:\/\/www.outters.fr\/wp-content\/uploads\/2019\/09\/WP_20190916_15_12_54_Pro-1200x676.jpg 1200w, https:\/\/www.outters.fr\/wp-content\/uploads\/2019\/09\/WP_20190916_15_12_54_Pro.jpg 3264w\" sizes=\"(min-width: 2200px) 100vw, (min-width: 1099px) 289px, (min-width: 1007px) 347px, (min-width: 915px) 434px, (min-width: 824px) 578px, (min-width: 732px) 824px, (min-width: 640px) 732px, \" \/><\/a><\/div><\/div><\/div><div class=\"swiper-slide\"><div class=\"fusion-carousel-item-wrapper\"><div class=\"fusion-image-wrapper hover-type-zoomin\"><a href=\"http:\/\/outters.fr\/wp-content\/uploads\/2019\/09\/WP_20190916_15_00_51_Pro.jpg\" target=\"_blank\" rel=\"noopener noreferrer\"><img decoding=\"async\" width=\"3264\" height=\"1840\" src=\"https:\/\/www.outters.fr\/wp-content\/uploads\/2019\/09\/WP_20190916_15_00_51_Pro.jpg\" class=\"attachment-full size-full\" alt=\"\" srcset=\"https:\/\/www.outters.fr\/wp-content\/uploads\/2019\/09\/WP_20190916_15_00_51_Pro-200x113.jpg 200w, https:\/\/www.outters.fr\/wp-content\/uploads\/2019\/09\/WP_20190916_15_00_51_Pro-400x225.jpg 400w, https:\/\/www.outters.fr\/wp-content\/uploads\/2019\/09\/WP_20190916_15_00_51_Pro-600x338.jpg 600w, https:\/\/www.outters.fr\/wp-content\/uploads\/2019\/09\/WP_20190916_15_00_51_Pro-800x451.jpg 800w, https:\/\/www.outters.fr\/wp-content\/uploads\/2019\/09\/WP_20190916_15_00_51_Pro-1200x676.jpg 1200w, https:\/\/www.outters.fr\/wp-content\/uploads\/2019\/09\/WP_20190916_15_00_51_Pro.jpg 3264w\" sizes=\"(min-width: 2200px) 100vw, (min-width: 1099px) 289px, (min-width: 1007px) 347px, (min-width: 915px) 434px, (min-width: 824px) 578px, (min-width: 732px) 824px, (min-width: 640px) 732px, \" \/><\/a><\/div><\/div><\/div><div class=\"swiper-slide\"><div class=\"fusion-carousel-item-wrapper\"><div class=\"fusion-image-wrapper hover-type-zoomin\"><a href=\"http:\/\/outters.fr\/wp-content\/uploads\/2019\/09\/WP_20190916_15_13_05_Pro.jpg\" target=\"_blank\" rel=\"noopener noreferrer\"><img decoding=\"async\" width=\"3264\" height=\"1840\" src=\"https:\/\/www.outters.fr\/wp-content\/uploads\/2019\/09\/WP_20190916_15_13_05_Pro.jpg\" class=\"attachment-full size-full\" alt=\"\" srcset=\"https:\/\/www.outters.fr\/wp-content\/uploads\/2019\/09\/WP_20190916_15_13_05_Pro-200x113.jpg 200w, https:\/\/www.outters.fr\/wp-content\/uploads\/2019\/09\/WP_20190916_15_13_05_Pro-400x225.jpg 400w, https:\/\/www.outters.fr\/wp-content\/uploads\/2019\/09\/WP_20190916_15_13_05_Pro-600x338.jpg 600w, https:\/\/www.outters.fr\/wp-content\/uploads\/2019\/09\/WP_20190916_15_13_05_Pro-800x451.jpg 800w, https:\/\/www.outters.fr\/wp-content\/uploads\/2019\/09\/WP_20190916_15_13_05_Pro-1200x676.jpg 1200w, https:\/\/www.outters.fr\/wp-content\/uploads\/2019\/09\/WP_20190916_15_13_05_Pro.jpg 3264w\" sizes=\"(min-width: 2200px) 100vw, (min-width: 1099px) 289px, (min-width: 1007px) 347px, (min-width: 915px) 434px, (min-width: 824px) 578px, (min-width: 732px) 824px, (min-width: 640px) 732px, \" \/><\/a><\/div><\/div><\/div><\/div><div class=\"awb-swiper-button awb-swiper-button-prev\"><i class=\"awb-icon-angle-left\" aria-hidden=\"true\"><\/i><\/div><div class=\"awb-swiper-button awb-swiper-button-next\"><i class=\"awb-icon-angle-right\" aria-hidden=\"true\"><\/i><\/div><\/div><\/div><\/div><\/div><\/div><\/div><div class=\"fusion-fullwidth fullwidth-box fusion-builder-row-2 fusion-flex-container nonhundred-percent-fullwidth non-hundred-percent-height-scrolling\" style=\"--awb-border-radius-top-left:0px;--awb-border-radius-top-right:0px;--awb-border-radius-bottom-right:0px;--awb-border-radius-bottom-left:0px;--awb-flex-wrap:wrap;\" ><div class=\"fusion-builder-row fusion-row fusion-flex-align-items-flex-start fusion-flex-content-wrap\" style=\"max-width:1872px;margin-left: calc(-4% \/ 2 );margin-right: calc(-4% \/ 2 );\"><\/div><\/div><\/p>\n","protected":false},"excerpt":{"rendered":"","protected":false},"author":1,"featured_media":0,"parent":0,"menu_order":0,"comment_status":"closed","ping_status":"closed","template":"","meta":{"footnotes":""},"class_list":["post-7476","page","type-page","status-publish","hentry"],"_links":{"self":[{"href":"https:\/\/www.outters.fr\/index.php?rest_route=\/wp\/v2\/pages\/7476","targetHints":{"allow":["GET"]}}],"collection":[{"href":"https:\/\/www.outters.fr\/index.php?rest_route=\/wp\/v2\/pages"}],"about":[{"href":"https:\/\/www.outters.fr\/index.php?rest_route=\/wp\/v2\/types\/page"}],"author":[{"embeddable":true,"href":"https:\/\/www.outters.fr\/index.php?rest_route=\/wp\/v2\/users\/1"}],"replies":[{"embeddable":true,"href":"https:\/\/www.outters.fr\/index.php?rest_route=%2Fwp%2Fv2%2Fcomments&post=7476"}],"version-history":[{"count":23,"href":"https:\/\/www.outters.fr\/index.php?rest_route=\/wp\/v2\/pages\/7476\/revisions"}],"predecessor-version":[{"id":11107,"href":"https:\/\/www.outters.fr\/index.php?rest_route=\/wp\/v2\/pages\/7476\/revisions\/11107"}],"wp:attachment":[{"href":"https:\/\/www.outters.fr\/index.php?rest_route=%2Fwp%2Fv2%2Fmedia&parent=7476"}],"curies":[{"name":"wp","href":"https:\/\/api.w.org\/{rel}","templated":true}]}}