{"id":7732,"date":"2019-03-16T20:27:31","date_gmt":"2019-03-16T19:27:31","guid":{"rendered":"http:\/\/outters.fr\/?page_id=7732"},"modified":"2025-07-15T17:03:57","modified_gmt":"2025-07-15T16:03:57","slug":"presentation-page-daccueil","status":"publish","type":"page","link":"https:\/\/www.outters.fr\/","title":{"rendered":"pr\u00e9sentation page d&rsquo;accueil"},"content":{"rendered":"<p><div class=\"fusion-fullwidth fullwidth-box fusion-builder-row-1 fusion-flex-container nonhundred-percent-fullwidth non-hundred-percent-height-scrolling\" style=\"--awb-border-radius-top-left:0px;--awb-border-radius-top-right:0px;--awb-border-radius-bottom-right:0px;--awb-border-radius-bottom-left:0px;--awb-flex-wrap:wrap;\" ><div class=\"fusion-builder-row fusion-row fusion-flex-align-items-flex-start fusion-flex-content-wrap\" style=\"max-width:1872px;margin-left: calc(-4% \/ 2 );margin-right: calc(-4% \/ 2 );\"><div class=\"fusion-layout-column fusion_builder_column fusion-builder-column-0 fusion_builder_column_1_2 1_2 fusion-flex-column\" style=\"--awb-bg-blend:overlay;--awb-bg-size:cover;--awb-width-large:50%;--awb-margin-top-large:0px;--awb-spacing-right-large:3.84%;--awb-margin-bottom-large:20px;--awb-spacing-left-large:3.84%;--awb-width-medium:50%;--awb-spacing-right-medium:3.84%;--awb-spacing-left-medium:3.84%;--awb-width-small:100%;--awb-spacing-right-small:1.92%;--awb-spacing-left-small:1.92%;\"><div class=\"fusion-column-wrapper fusion-flex-justify-content-flex-start fusion-content-layout-column\"><div class=\"fusion-title title fusion-title-1 fusion-title-center fusion-title-text fusion-title-size-one\" style=\"--awb-text-color:var(--awb-custom_color_11);\"><div class=\"title-sep-container title-sep-container-left\"><div class=\"title-sep sep- sep-solid\" style=\"border-color:#3e3e3e;\"><\/div><\/div><span class=\"awb-title-spacer\"><\/span><h1 class=\"fusion-title-heading title-heading-center fusion-responsive-typography-calculated\" style=\"margin:0;--fontSize:;--minFontSize:0;line-height:;\">Outter&#039;space Astrophotography<\/h1><span class=\"awb-title-spacer\"><\/span><div class=\"title-sep-container title-sep-container-right\"><div class=\"title-sep sep- sep-solid\" style=\"border-color:#3e3e3e;\"><\/div><\/div><\/div><div class=\"fusion-image-element \" style=\"--awb-caption-title-font-family:var(--h2_typography-font-family);--awb-caption-title-font-weight:var(--h2_typography-font-weight);--awb-caption-title-font-style:var(--h2_typography-font-style);--awb-caption-title-size:var(--h2_typography-font-size);--awb-caption-title-transform:var(--h2_typography-text-transform);--awb-caption-title-line-height:var(--h2_typography-line-height);--awb-caption-title-letter-spacing:var(--h2_typography-letter-spacing);\"><span class=\" fusion-imageframe imageframe-glow imageframe-1 hover-type-none\" style=\"-webkit-box-shadow: 0 0 3px rgba(0,0,0,0.3);box-shadow: 0 0 3px rgba(0,0,0,0.3);\"><a href=\"http:\/\/outters.fr\/wp-content\/uploads\/2016\/07\/panno-castor2-1600.jpg\" class=\"fusion-lightbox\" data-rel=\"iLightbox[a3329f89d32d1e022b9]\" data-title=\"panno-castor2-1600\" title=\"panno-castor2-1600\"><img decoding=\"async\" width=\"1600\" height=\"819\" src=\"http:\/\/outters.fr\/wp-content\/uploads\/2016\/07\/panno-castor2-1600.jpg\" alt class=\"img-responsive wp-image-4008\" srcset=\"https:\/\/www.outters.fr\/wp-content\/uploads\/2016\/07\/panno-castor2-1600-200x102.jpg 200w, https:\/\/www.outters.fr\/wp-content\/uploads\/2016\/07\/panno-castor2-1600-400x205.jpg 400w, https:\/\/www.outters.fr\/wp-content\/uploads\/2016\/07\/panno-castor2-1600-600x307.jpg 600w, https:\/\/www.outters.fr\/wp-content\/uploads\/2016\/07\/panno-castor2-1600-800x410.jpg 800w, https:\/\/www.outters.fr\/wp-content\/uploads\/2016\/07\/panno-castor2-1600-1200x614.jpg 1200w, https:\/\/www.outters.fr\/wp-content\/uploads\/2016\/07\/panno-castor2-1600.jpg 1600w\" sizes=\"(max-width: 464px) 100vw, 1200px\" \/><\/a><\/span><\/div><div class=\"fusion-title title fusion-title-2 fusion-title-center fusion-title-text fusion-title-size-three\"><div class=\"title-sep-container title-sep-container-left\"><div class=\"title-sep sep- sep-solid\" style=\"border-color:#3e3e3e;\"><\/div><\/div><span class=\"awb-title-spacer\"><\/span><h3 class=\"fusion-title-heading title-heading-center fusion-responsive-typography-calculated\" style=\"margin:0;--fontSize:;--minFontSize:0;line-height:;\"><a href=\"http:\/\/outters.fr\/?cat=152\" class=\"awb-custom-text-color awb-custom-text-hover-color\" target=\"_blank\"><h1 style=\"text-align: center;\"><div class=\"fusion-button-wrapper\"><a class=\"fusion-button button-flat fusion-button-default-size button-default fusion-button-default button-1 fusion-button-default-span fusion-button-default-type\" target=\"_self\" href=\"http:\/\/outters.fr\/?cat=152\"><span class=\"fusion-button-text awb-button__text awb-button__text--default\">Pour visualiser toutes les images par ordre chronologique cliquez ici<\/span><\/a><\/div><\/h1><\/a><\/h3><span class=\"awb-title-spacer\"><\/span><div class=\"title-sep-container title-sep-container-right\"><div class=\"title-sep sep- sep-solid\" style=\"border-color:#3e3e3e;\"><\/div><\/div><\/div><div style=\"text-align:center;\"><a class=\"fusion-button button-flat button-small button-default fusion-button-default button-2 fusion-button-default-span fusion-button-default-type fusion-animated\" data-animationType=\"fadeIn\" data-animationDuration=\"0.3\" data-animationOffset=\"top-into-view\" target=\"_blank\" rel=\"noopener noreferrer\" href=\"https:\/\/astronomie.quetzal-network.net\/depannage\/\"><span class=\"fusion-button-text awb-button__text awb-button__text--default\">Mon site favori pour r\u00e9parer ou modifier votre mat\u00e9riel : Quetzal-Network<\/span><\/a><\/div><div class=\"fusion-text fusion-text-1\"><p id=\"tw-target-text\" class=\"tw-data-text tw-text-large XcVN5d tw-ta\" dir=\"ltr\" data-placeholder=\"Traduction\"><span class=\"Y2IQFc\" lang=\"fr\">En regardant le ciel lors d&rsquo;une nuit claire, nous pouvons voir des centaines et des centaines d&rsquo;\u00e9toiles. Mais, invisible \u00e0 l&rsquo;\u0153il nu, il y a quelque chose de plus entre les \u00e9toiles<\/span><span class=\"Y2IQFc\" lang=\"fr\"> &#8211; amas d&rsquo;\u00e9toiles, nuages \u200b\u200bde gaz et de poussi\u00e8re, galaxies lointaines &#8211; la plupart d&rsquo;entre elles sont trop faibles pour \u00eatre observ\u00e9es, elles ne peuvent \u00eatre rendues visibles que par la photographie. L&rsquo;astrophotographie est tr\u00e8s complexe et est compl\u00e8tement diff\u00e9rente de la photographie normale \u00e0 la lumi\u00e8re du jour. Cela implique beaucoup d&rsquo;\u00e9quipement, de patience et de connaissances sur le traitement d&rsquo;images. Les objets photographi\u00e9s sont extr\u00eamement p\u00e2les et doivent donc \u00eatre expos\u00e9s tr\u00e8s longtemps pour r\u00e9v\u00e9ler leurs structures et leurs couleurs. Des temps d&rsquo;exposition de 10 \u00e0 100 heures ou plus sur plusieurs nuits ne sont pas rares. En raison de la rotation de la Terre, le t\u00e9lescope doit suivre constamment et uniform\u00e9ment les objets c\u00e9lestes. Dans la derni\u00e8re \u00e9tape, les images doivent \u00eatre trait\u00e9es sur un ordinateur avec des logiciels adapt\u00e9s.<\/span><\/p>\n<\/div><div class=\"fusion-text fusion-text-2\"><p>Je pratique l&rsquo;astrophotographie depuis 1999. Je g\u00e8re plusieurs sites d&rsquo;observation en France comme au Chili. A la maison j&rsquo;utilise deux t\u00e9lescopes Newton de 400 mm de diam\u00e8tre, en Espagne \u00e0 l&rsquo;observatoire de Trevinca Skies nous allons, avec Alexandre Itic, installer un t\u00e9lescope Newton 300mm F4 au mois d&rsquo;avril 2025. Au Chili je fais partie de l&rsquo;association <a href=\"http:\/\/www.cielaustral.com\/\" target=\"_blank\" rel=\"noopener noreferrer\">Cielaustral.<\/a><\/p>\n<p>En juillet 2011 j&rsquo;ai d\u00e9couvert une n\u00e9buleuse magnifique et myst\u00e9rieuse jusque l\u00e0 inconnue, elle mesure 3 fois la taille de la pleine lune en taille apparente dans le ciel, si vos yeux \u00e9taient capables de distinguer les lumi\u00e8res faibles des astres vous n&rsquo;auriez aucun probl\u00e8me pour la distinguer. J&rsquo;ai nomm\u00e9 cette n\u00e9buleuse \u00ab\u00a0Giant Squid Nebulae\u00a0\u00bb et son nom scientifique est \u00ab\u00a0Ou4\u00a0\u00bb, \u00ab\u00a0Ou\u00a0\u00bb comme les 2 premi\u00e8res lettres de mon nom et \u00ab\u00a04\u00a0\u00bb d\u00e9terminant l&rsquo;ordre de mes d\u00e9couvertes (8 \u00e0 ce jour). N&rsquo;h\u00e9sitez pas \u00e0 r\u00e9aliser quelques recherches sur le Net pour en savoir un peu plus ou allez voir directement ma page d\u00e9di\u00e9e <a href=\"http:\/\/outters.fr\/?p=2973\" target=\"_blank\" rel=\"noopener\">Ou4<\/a>.<\/p>\n<p>Je voudrais vous inviter \u00e0 parcourir mon site Web et \u00e0 profiter des images de notre univers.<\/p>\n<h3 class=\"fusion-responsive-typography-calculated\" style=\"--fontsize: 16; line-height: 1.33; --minfontsize: 16;\" data-fontsize=\"16\" data-lineheight=\"21.28px\"><\/h3>\n<\/div><\/div><\/div><div class=\"fusion-layout-column fusion_builder_column fusion-builder-column-1 fusion_builder_column_1_2 1_2 fusion-flex-column\" style=\"--awb-bg-blend:overlay;--awb-bg-size:cover;--awb-width-large:50%;--awb-margin-top-large:0px;--awb-spacing-right-large:3.84%;--awb-margin-bottom-large:20px;--awb-spacing-left-large:3.84%;--awb-width-medium:50%;--awb-spacing-right-medium:3.84%;--awb-spacing-left-medium:3.84%;--awb-width-small:100%;--awb-spacing-right-small:1.92%;--awb-spacing-left-small:1.92%;\"><div class=\"fusion-column-wrapper fusion-flex-justify-content-flex-start fusion-content-layout-column\"><div class=\"awb-gallery-wrapper awb-gallery-wrapper-1 button-span-no\" style=\"--more-btn-alignment:center;\"><div style=\"margin:-5px;--awb-bordersize:0px;\" class=\"fusion-gallery fusion-gallery-container fusion-grid-3 fusion-columns-total-5 fusion-gallery-layout-masonry fusion-gallery-1\"><div class=\"fusion-grid-column fusion-gallery-column fusion-gallery-column-3 hover-type-none fusion-grid-sizer\"><\/div><div style=\"padding:5px;\" class=\"fusion-grid-column fusion-gallery-column fusion-gallery-column-3 hover-type-none fusion-element-grid\"><div class=\"fusion-gallery-image\"><a href=\"https:\/\/www.outters.fr\/wp-content\/uploads\/2022\/06\/cdk600.jpg\" rel=\"noreferrer\" data-rel=\"iLightbox[gallery_image_1]\" class=\"fusion-lightbox\" target=\"_self\"><div style=\"background-image:url(https:\/\/www.outters.fr\/wp-content\/uploads\/2022\/06\/cdk600.jpg);padding-top:calc((100% + 10px) * 0.8 - 5px);background-position:;\" class=\"fusion-masonry-element-container\"><img decoding=\"async\" src=\"https:\/\/www.outters.fr\/wp-content\/uploads\/2022\/06\/cdk600.jpg\" width=\"277\" height=\"600\" alt=\"\" title=\"cdk600\" aria-label=\"cdk600\" class=\"img-responsive wp-image-9505\" srcset=\"https:\/\/www.outters.fr\/wp-content\/uploads\/2022\/06\/cdk600-200x433.jpg 200w, https:\/\/www.outters.fr\/wp-content\/uploads\/2022\/06\/cdk600.jpg 277w\" sizes=\"(min-width: 2200px) 100vw, (min-width: 824px) 597px, (min-width: 732px) 824px, (min-width: 640px) 732px, \" \/><\/div><\/a><\/div><\/div><div style=\"padding:5px;\" class=\"fusion-grid-column fusion-gallery-column fusion-gallery-column-3 hover-type-none fusion-element-landscape fusion-element-portrait\"><div class=\"fusion-gallery-image\"><a href=\"https:\/\/www.outters.fr\/wp-content\/uploads\/2018\/11\/sv400-21.jpg\" rel=\"noreferrer\" data-rel=\"iLightbox[gallery_image_1]\" class=\"fusion-lightbox\" target=\"_self\"><div style=\"background-image:url(https:\/\/www.outters.fr\/wp-content\/uploads\/2018\/11\/sv400-21.jpg);padding-top:calc((100% + 10px) * 0.8);background-position:25% 51%;\" class=\"fusion-masonry-element-container\"><img decoding=\"async\" src=\"https:\/\/www.outters.fr\/wp-content\/uploads\/2018\/11\/sv400-21.jpg\" width=\"5184\" height=\"3456\" alt=\"\" title=\"sv400-21\" aria-label=\"sv400-21\" class=\"img-responsive wp-image-7516\" srcset=\"https:\/\/www.outters.fr\/wp-content\/uploads\/2018\/11\/sv400-21-200x133.jpg 200w, https:\/\/www.outters.fr\/wp-content\/uploads\/2018\/11\/sv400-21-400x267.jpg 400w, https:\/\/www.outters.fr\/wp-content\/uploads\/2018\/11\/sv400-21-600x400.jpg 600w, https:\/\/www.outters.fr\/wp-content\/uploads\/2018\/11\/sv400-21-800x533.jpg 800w, https:\/\/www.outters.fr\/wp-content\/uploads\/2018\/11\/sv400-21-1200x800.jpg 1200w, https:\/\/www.outters.fr\/wp-content\/uploads\/2018\/11\/sv400-21.jpg 5184w\" sizes=\"(min-width: 2200px) 100vw, (min-width: 640px) 1800px, \" \/><\/div><\/a><\/div><\/div><div style=\"padding:5px;\" class=\"fusion-grid-column fusion-gallery-column fusion-gallery-column-3 hover-type-none fusion-element-landscape fusion-element-portrait\"><div class=\"fusion-gallery-image\"><a href=\"https:\/\/www.outters.fr\/wp-content\/uploads\/2017\/05\/sv400.jpg\" rel=\"noreferrer\" data-rel=\"iLightbox[gallery_image_1]\" class=\"fusion-lightbox\" target=\"_self\"><div style=\"background-image:url(https:\/\/www.outters.fr\/wp-content\/uploads\/2017\/05\/sv400.jpg);padding-top:calc((100% + 10px) * 0.8);background-position:;\" class=\"fusion-masonry-element-container\"><img decoding=\"async\" src=\"https:\/\/www.outters.fr\/wp-content\/uploads\/2017\/05\/sv400.jpg\" width=\"2592\" height=\"1728\" alt=\"\" title=\"sv400\" aria-label=\"sv400\" class=\"img-responsive wp-image-6007\" srcset=\"https:\/\/www.outters.fr\/wp-content\/uploads\/2017\/05\/sv400-200x133.jpg 200w, https:\/\/www.outters.fr\/wp-content\/uploads\/2017\/05\/sv400-400x267.jpg 400w, https:\/\/www.outters.fr\/wp-content\/uploads\/2017\/05\/sv400-600x400.jpg 600w, https:\/\/www.outters.fr\/wp-content\/uploads\/2017\/05\/sv400-800x533.jpg 800w, https:\/\/www.outters.fr\/wp-content\/uploads\/2017\/05\/sv400-1200x800.jpg 1200w, https:\/\/www.outters.fr\/wp-content\/uploads\/2017\/05\/sv400.jpg 2592w\" sizes=\"(min-width: 2200px) 100vw, (min-width: 640px) 1800px, \" \/><\/div><\/a><\/div><\/div><div style=\"padding:5px;\" class=\"fusion-grid-column fusion-gallery-column fusion-gallery-column-3 hover-type-none fusion-element-grid\"><div class=\"fusion-gallery-image\"><a href=\"https:\/\/www.outters.fr\/wp-content\/uploads\/2016\/07\/logo-sirene-castor.jpg\" rel=\"noreferrer\" data-rel=\"iLightbox[gallery_image_1]\" class=\"fusion-lightbox\" target=\"_self\"><div style=\"background-image:url(https:\/\/www.outters.fr\/wp-content\/uploads\/2016\/07\/logo-sirene-castor.jpg);padding-top:calc((100% + 10px) * 0.8 - 5px);background-position:;\" class=\"fusion-masonry-element-container\"><img decoding=\"async\" src=\"https:\/\/www.outters.fr\/wp-content\/uploads\/2016\/07\/logo-sirene-castor.jpg\" width=\"704\" height=\"861\" alt=\"\" title=\"logo-sirene-castor\" aria-label=\"logo-sirene-castor\" class=\"img-responsive wp-image-3301\" srcset=\"https:\/\/www.outters.fr\/wp-content\/uploads\/2016\/07\/logo-sirene-castor-200x245.jpg 200w, https:\/\/www.outters.fr\/wp-content\/uploads\/2016\/07\/logo-sirene-castor-400x489.jpg 400w, https:\/\/www.outters.fr\/wp-content\/uploads\/2016\/07\/logo-sirene-castor-600x734.jpg 600w, https:\/\/www.outters.fr\/wp-content\/uploads\/2016\/07\/logo-sirene-castor.jpg 704w\" sizes=\"(min-width: 2200px) 100vw, (min-width: 824px) 597px, (min-width: 732px) 824px, (min-width: 640px) 732px, \" \/><\/div><\/a><\/div><\/div><div style=\"padding:5px;\" class=\"fusion-grid-column fusion-gallery-column fusion-gallery-column-3 hover-type-none fusion-element-grid\"><div class=\"fusion-gallery-image\"><a href=\"https:\/\/www.outters.fr\/wp-content\/uploads\/2019\/11\/cielaustral-team.jpg\" rel=\"noreferrer\" data-rel=\"iLightbox[gallery_image_1]\" class=\"fusion-lightbox\" target=\"_self\"><div style=\"background-image:url(https:\/\/www.outters.fr\/wp-content\/uploads\/2019\/11\/cielaustral-team.jpg);padding-top:calc((100% + 10px) * 0.8 - 5px);background-position:;\" class=\"fusion-masonry-element-container\"><img decoding=\"async\" src=\"https:\/\/www.outters.fr\/wp-content\/uploads\/2019\/11\/cielaustral-team.jpg\" width=\"900\" height=\"600\" alt=\"\" title=\"cielaustral-team\" aria-label=\"cielaustral-team\" class=\"img-responsive wp-image-8480\" srcset=\"https:\/\/www.outters.fr\/wp-content\/uploads\/2019\/11\/cielaustral-team-200x133.jpg 200w, https:\/\/www.outters.fr\/wp-content\/uploads\/2019\/11\/cielaustral-team-400x267.jpg 400w, https:\/\/www.outters.fr\/wp-content\/uploads\/2019\/11\/cielaustral-team-600x400.jpg 600w, https:\/\/www.outters.fr\/wp-content\/uploads\/2019\/11\/cielaustral-team-800x533.jpg 800w, https:\/\/www.outters.fr\/wp-content\/uploads\/2019\/11\/cielaustral-team.jpg 900w\" sizes=\"(min-width: 2200px) 100vw, (min-width: 824px) 597px, (min-width: 732px) 824px, (min-width: 640px) 732px, \" \/><\/div><\/a><\/div><\/div><\/div><\/div><\/div><\/div><\/div><\/div><div class=\"fusion-fullwidth fullwidth-box fusion-builder-row-2 fusion-flex-container nonhundred-percent-fullwidth non-hundred-percent-height-scrolling\" style=\"--awb-border-radius-top-left:0px;--awb-border-radius-top-right:0px;--awb-border-radius-bottom-right:0px;--awb-border-radius-bottom-left:0px;--awb-flex-wrap:wrap;\" ><div class=\"fusion-builder-row fusion-row fusion-flex-align-items-flex-start fusion-flex-content-wrap\" style=\"max-width:1872px;margin-left: calc(-4% \/ 2 );margin-right: calc(-4% \/ 2 );\"><\/div><\/div><div class=\"fusion-fullwidth fullwidth-box fusion-builder-row-3 fusion-flex-container nonhundred-percent-fullwidth non-hundred-percent-height-scrolling\" style=\"--awb-border-radius-top-left:0px;--awb-border-radius-top-right:0px;--awb-border-radius-bottom-right:0px;--awb-border-radius-bottom-left:0px;--awb-flex-wrap:wrap;\" ><div class=\"fusion-builder-row fusion-row fusion-flex-align-items-flex-start fusion-flex-content-wrap\" style=\"max-width:1872px;margin-left: calc(-4% \/ 2 );margin-right: calc(-4% \/ 2 );\"><div class=\"fusion-layout-column fusion_builder_column fusion-builder-column-2 fusion_builder_column_1_2 1_2 fusion-flex-column\" style=\"--awb-bg-size:cover;--awb-width-large:50%;--awb-margin-top-large:0px;--awb-spacing-right-large:3.84%;--awb-margin-bottom-large:20px;--awb-spacing-left-large:3.84%;--awb-width-medium:50%;--awb-order-medium:0;--awb-spacing-right-medium:3.84%;--awb-spacing-left-medium:3.84%;--awb-width-small:100%;--awb-order-small:0;--awb-spacing-right-small:1.92%;--awb-spacing-left-small:1.92%;\"><div class=\"fusion-column-wrapper fusion-column-has-shadow fusion-flex-justify-content-flex-start fusion-content-layout-column\"><\/div><\/div><\/div><\/div><\/p>\n","protected":false},"excerpt":{"rendered":"","protected":false},"author":1,"featured_media":0,"parent":0,"menu_order":0,"comment_status":"closed","ping_status":"closed","template":"100-width.php","meta":{"footnotes":""},"class_list":["post-7732","page","type-page","status-publish","hentry"],"_links":{"self":[{"href":"https:\/\/www.outters.fr\/index.php?rest_route=\/wp\/v2\/pages\/7732","targetHints":{"allow":["GET"]}}],"collection":[{"href":"https:\/\/www.outters.fr\/index.php?rest_route=\/wp\/v2\/pages"}],"about":[{"href":"https:\/\/www.outters.fr\/index.php?rest_route=\/wp\/v2\/types\/page"}],"author":[{"embeddable":true,"href":"https:\/\/www.outters.fr\/index.php?rest_route=\/wp\/v2\/users\/1"}],"replies":[{"embeddable":true,"href":"https:\/\/www.outters.fr\/index.php?rest_route=%2Fwp%2Fv2%2Fcomments&post=7732"}],"version-history":[{"count":97,"href":"https:\/\/www.outters.fr\/index.php?rest_route=\/wp\/v2\/pages\/7732\/revisions"}],"predecessor-version":[{"id":10753,"href":"https:\/\/www.outters.fr\/index.php?rest_route=\/wp\/v2\/pages\/7732\/revisions\/10753"}],"wp:attachment":[{"href":"https:\/\/www.outters.fr\/index.php?rest_route=%2Fwp%2Fv2%2Fmedia&parent=7732"}],"curies":[{"name":"wp","href":"https:\/\/api.w.org\/{rel}","templated":true}]}}